{"id":3115,"date":"2020-01-05T16:25:13","date_gmt":"2020-01-05T15:25:13","guid":{"rendered":"https:\/\/lafillerenne.fr\/blog\/?post_type=product&#038;p=3115"},"modified":"2024-01-24T19:05:40","modified_gmt":"2024-01-24T18:05:40","slug":"livre-life-on-film-vol-3","status":"publish","type":"product","link":"https:\/\/lafillerenne.fr\/blog\/produit\/livre-life-on-film-vol-3\/","title":{"rendered":"Livre Life on film, vol. 3"},"content":{"rendered":"<p>Livre <strong>Life on film, vol. 3<\/strong><\/p>\n<p><em>Ce livre contient des photographies argentiques de ma vie quotidienne, de voyages &amp; de shootings avec des gens incroyables. <\/em><br \/>\n<em>Chaque photographie a \u00e9t\u00e9 prise entre 2016 &amp; 2018, en France, Roumanie, Angleterre, Finlande &amp; Norv\u00e8ge. <\/em><br \/>\n<em>Volume 3.<\/em><\/p>\n<p><em>This book contains film photographs randomly chosen from my daily life, travels &amp; shootings with amazing people.<\/em><br \/>\n<em>Each was taken between 2016 &amp; 2018, in France, Romania, England, Finland &amp; Norway.<\/em><br \/>\n<em>Volume 3.<\/em><\/p>\n<p>Vous pouvez \u00e9galement directement commander un <a href=\"http:\/\/www.blurb.fr\/b\/7758842-life-on-film-small-edition\">exemplaire sur Blurb<\/a>.<\/p>\n<p>21\u00d726 cm<br \/>\n128 pages<br \/>\nISBN : 9781388016326<br \/>\nCouverture souple \/ soft cover<br \/>\n2018<\/p>\n<p>Envois :<br \/>\n\u2013 France -&gt; envoi au tarif Lettre Economique, mais vous pouvez me contacter si vous d\u00e9sirez un envoi suivi en Colissimo<br \/>\n\u2013 Europe &amp; Monde -&gt; envoi sans suivi au tarif Livres et Brochures<\/p>\n<p>\u2728<br \/>\n<em>book analog film photography<\/em><\/p>\n","protected":false},"excerpt":{"rendered":"<p>Livre Life on film, vol. 3 Ce livre contient des photographies argentiques de ma vie quotidienne, de voyages &amp; de shootings avec des gens incroyables. Chaque photographie a \u00e9t\u00e9 prise entre 2016 &amp; 2018, en France, Roumanie, Angleterre, Finlande &amp; Norv\u00e8ge. Volume 3. This book contains film photographs randomly chosen from my daily life, travels &hellip; <\/p>\n<p class=\"link-more\"><a href=\"https:\/\/lafillerenne.fr\/blog\/produit\/livre-life-on-film-vol-3\/\" class=\"more-link\">Continuer la lecture<span class=\"screen-reader-text\"> de &laquo;&nbsp;Livre Life on film, vol. 3&nbsp;&raquo;<\/span><\/a><\/p>\n","protected":false},"featured_media":7299,"template":"","meta":[],"product_cat":[45],"product_tag":[72,70],"_links":{"self":[{"href":"https:\/\/lafillerenne.fr\/blog\/wp-json\/wp\/v2\/product\/3115"}],"collection":[{"href":"https:\/\/lafillerenne.fr\/blog\/wp-json\/wp\/v2\/product"}],"about":[{"href":"https:\/\/lafillerenne.fr\/blog\/wp-json\/wp\/v2\/types\/product"}],"wp:featuredmedia":[{"embeddable":true,"href":"https:\/\/lafillerenne.fr\/blog\/wp-json\/wp\/v2\/media\/7299"}],"wp:attachment":[{"href":"https:\/\/lafillerenne.fr\/blog\/wp-json\/wp\/v2\/media?parent=3115"}],"wp:term":[{"taxonomy":"product_cat","embeddable":true,"href":"https:\/\/lafillerenne.fr\/blog\/wp-json\/wp\/v2\/product_cat?post=3115"},{"taxonomy":"product_tag","embeddable":true,"href":"https:\/\/lafillerenne.fr\/blog\/wp-json\/wp\/v2\/product_tag?post=3115"}],"curies":[{"name":"wp","href":"https:\/\/api.w.org\/{rel}","templated":true}]}}