{"id":3116,"date":"2020-01-05T16:30:47","date_gmt":"2020-01-05T15:30:47","guid":{"rendered":"https:\/\/lafillerenne.fr\/blog\/?post_type=product&#038;p=3116"},"modified":"2026-02-28T08:35:46","modified_gmt":"2026-02-28T07:35:46","slug":"livre-review-argentique","status":"publish","type":"product","link":"https:\/\/lafillerenne.fr\/blog\/produit\/livre-review-argentique\/","title":{"rendered":"Livre Review Argentique"},"content":{"rendered":"<p>Livre <strong>Review Argentique<\/strong><\/p>\n<p><em>Ce livre est le r\u00e9sultat de plusieurs ann\u00e9es d&#8217;exp\u00e9rimentations avec la photographie argentique. Apr\u00e8s avoir eu un coup de foudre pour ce medium en utilisant un reflex Canon, j&#8217;ai commenc\u00e9 \u00e0 collectionner des bo\u00eetiers et \u00e0 m&#8217;en servir quotidiennement. Les tests de multiples appareils, pellicules, exp\u00e9rimentations et accessoires sont pr\u00e9sent\u00e9s ici, illustr\u00e9s par plus de 400 photographies, dans le but de fournir un guide \u00e0 ceux qui s&#8217;int\u00e9ressent aux nombreuses possibilit\u00e9s qu&#8217;offre l&#8217;argentique.<\/em><\/p>\n<p>15\u00d723 cm<br \/>\n266 pages<br \/>\nISBN : 9781366445544<br \/>\nCouverture souple \/ soft cover<br \/>\n2016<\/p>\n<p>Vous pouvez \u00e9galement directement commander un <a href=\"http:\/\/www.blurb.fr\/b\/7712722-review-argentique\">exemplaire sur Blurb<\/a>. Des extraits sont consultables <a href=\"https:\/\/lafillerenne.fr\/blog\/562\/\">sur mon blog<\/a>.<\/p>\n<p><u>Envois :<\/u><br \/>\n&#8211; France -&gt; envoi en lettre suivie<br \/>\n&#8211; Europe &amp; Monde -&gt; envoi sans suivi au tarif Livres et Brochures<\/p>\n<p>\u2728<br \/>\n<em>book analog film photography<\/em><\/p>\n","protected":false},"excerpt":{"rendered":"<p>Livre Review Argentique Ce livre est le r\u00e9sultat de plusieurs ann\u00e9es d&#8217;exp\u00e9rimentations avec la photographie argentique. Apr\u00e8s avoir eu un coup de foudre pour ce medium en utilisant un reflex Canon, j&#8217;ai commenc\u00e9 \u00e0 collectionner des bo\u00eetiers et \u00e0 m&#8217;en servir quotidiennement. Les tests de multiples appareils, pellicules, exp\u00e9rimentations et accessoires sont pr\u00e9sent\u00e9s ici, illustr\u00e9s &hellip; <\/p>\n<p class=\"link-more\"><a href=\"https:\/\/lafillerenne.fr\/blog\/produit\/livre-review-argentique\/\" class=\"more-link\">Continuer la lecture<span class=\"screen-reader-text\"> de &laquo;&nbsp;Livre Review Argentique&nbsp;&raquo;<\/span><\/a><\/p>\n","protected":false},"featured_media":3103,"template":"","meta":[],"product_cat":[45],"product_tag":[72,70],"_links":{"self":[{"href":"https:\/\/lafillerenne.fr\/blog\/wp-json\/wp\/v2\/product\/3116"}],"collection":[{"href":"https:\/\/lafillerenne.fr\/blog\/wp-json\/wp\/v2\/product"}],"about":[{"href":"https:\/\/lafillerenne.fr\/blog\/wp-json\/wp\/v2\/types\/product"}],"wp:featuredmedia":[{"embeddable":true,"href":"https:\/\/lafillerenne.fr\/blog\/wp-json\/wp\/v2\/media\/3103"}],"wp:attachment":[{"href":"https:\/\/lafillerenne.fr\/blog\/wp-json\/wp\/v2\/media?parent=3116"}],"wp:term":[{"taxonomy":"product_cat","embeddable":true,"href":"https:\/\/lafillerenne.fr\/blog\/wp-json\/wp\/v2\/product_cat?post=3116"},{"taxonomy":"product_tag","embeddable":true,"href":"https:\/\/lafillerenne.fr\/blog\/wp-json\/wp\/v2\/product_tag?post=3116"}],"curies":[{"name":"wp","href":"https:\/\/api.w.org\/{rel}","templated":true}]}}