{"id":3120,"date":"2020-01-05T16:41:06","date_gmt":"2020-01-05T15:41:06","guid":{"rendered":"https:\/\/lafillerenne.fr\/blog\/?post_type=product&#038;p=3120"},"modified":"2023-12-23T11:54:32","modified_gmt":"2023-12-23T10:54:32","slug":"mug-sabrina","status":"publish","type":"product","link":"https:\/\/lafillerenne.fr\/blog\/produit\/mug-sabrina\/","title":{"rendered":"Mug Sabrina"},"content":{"rendered":"<p>Mug avec une photographie de la mod\u00e8le <a href=\"https:\/\/www.instagram.com\/sabrinasako\/\">Sabrina Sako<\/a>.<br \/>\nC\u00e9ramique blanche<br \/>\n9&#215;8.5 cm<\/p>\n<p>Lavage \u00e0 la main recommand\u00e9.<\/p>\n","protected":false},"excerpt":{"rendered":"<p>Mug avec une photographie de la mod\u00e8le Sabrina Sako. C\u00e9ramique blanche 9&#215;8.5 cm Lavage \u00e0 la main recommand\u00e9.<\/p>\n","protected":false},"featured_media":3121,"template":"","meta":[],"product_cat":[47],"product_tag":[73,70],"_links":{"self":[{"href":"https:\/\/lafillerenne.fr\/blog\/wp-json\/wp\/v2\/product\/3120"}],"collection":[{"href":"https:\/\/lafillerenne.fr\/blog\/wp-json\/wp\/v2\/product"}],"about":[{"href":"https:\/\/lafillerenne.fr\/blog\/wp-json\/wp\/v2\/types\/product"}],"wp:featuredmedia":[{"embeddable":true,"href":"https:\/\/lafillerenne.fr\/blog\/wp-json\/wp\/v2\/media\/3121"}],"wp:attachment":[{"href":"https:\/\/lafillerenne.fr\/blog\/wp-json\/wp\/v2\/media?parent=3120"}],"wp:term":[{"taxonomy":"product_cat","embeddable":true,"href":"https:\/\/lafillerenne.fr\/blog\/wp-json\/wp\/v2\/product_cat?post=3120"},{"taxonomy":"product_tag","embeddable":true,"href":"https:\/\/lafillerenne.fr\/blog\/wp-json\/wp\/v2\/product_tag?post=3120"}],"curies":[{"name":"wp","href":"https:\/\/api.w.org\/{rel}","templated":true}]}}