{"id":6561,"date":"2021-10-11T16:27:06","date_gmt":"2021-10-11T14:27:06","guid":{"rendered":"https:\/\/lafillerenne.fr\/blog\/?post_type=product&#038;p=6561"},"modified":"2025-10-05T13:16:36","modified_gmt":"2025-10-05T11:16:36","slug":"livre-mini-polyseme-8-sapmi","status":"publish","type":"product","link":"https:\/\/lafillerenne.fr\/blog\/produit\/livre-mini-polyseme-8-sapmi\/","title":{"rendered":"Livre Mini Polys\u00e8me #8 &#8211; S\u00e1pmi"},"content":{"rendered":"<p>Livre\u00a0<strong>Mini Polys\u00e8me #8 &#8211; S\u00e1pmi<\/strong><\/p>\n<p><em>En 2018, je suis parti\u00b7e une douzaine de jours dans la partie laponne de la Finlande et en Norv\u00e8ge. Ce carnet de voyage est une ode aux grands espaces, aux paysages non anthropis\u00e9s, aux esp\u00e8ces sauvages que j\u2019ai crois\u00e9es. Une ode \u00e0 ce monde silencieux dont la biodiversit\u00e9 se r\u00e9duit au fur et \u00e0 mesure du r\u00e9chauffement climatique et qui risque de dispara\u00eetre ou de ne plus \u00eatre accessible prochainement. Une ode \u00e0 un rythme de vie plus lent, plus respectueux des \u00e9cosyst\u00e8mes dont nous faisons partie. Une ode \u00e0 l\u2019\u00e9cof\u00e9minisme que je d\u00e9couvre.<\/em><\/p>\n<p><em>In 2018, I set off for a 12-day trip to the northern part of Finland and to Norway. This travel journal is an ode to the great outdoors, to unspoiled landscapes, and to the wild species I ran into. An ode to a silent world whose biodiversity dwindles dramatically as climate change accelerates, to the point that it may disappear or become inaccessible in the near future. An ode to a quieter lifestyle, more respectful of the ecosystems we are part of. An ode to ecofeminism, which I was only just discovering then.<\/em><\/p>\n<p>Peut aussi \u00eatre directement command\u00e9 sur le site de l&#8217;\u00e9diteur :<br \/>\n&#8211; <a href=\"https:\/\/polysememagazine.bigcartel.com\/product\/mini-polyseme-8-la-fille-renne-sapmi\">version papier \u00e0 10\u20ac<\/a><br \/>\n&#8211; <a href=\"https:\/\/polysememagazine.bigcartel.com\/product\/mini-polyseme-8-la-fille-renne-sapmi-pdf\">version num\u00e9rique \u00e0 4\u20ac<\/a><br \/>\n&#8211; <a href=\"https:\/\/polysememagazine.bigcartel.com\/product\/pack-mini-polyseme-8-9-la-fille-renne\">pack<\/a><\/p>\n<p>\u00c9diteur : <a href=\"https:\/\/polysememagazine.bigcartel.com\/\">Polys\u00e8me Magazine<\/a><br \/>\n21\u00d714,8 cm<br \/>\n64 pages<br \/>\nISSN : 2650-3875<br \/>\nCouverture souple \/ soft cover<br \/>\n2020<\/p>\n<p>\u2728<br \/>\n<em>book analog film photography lapland finland norway travel roadtrip scandinavia arctic<br \/>\n<\/em><\/p>\n","protected":false},"excerpt":{"rendered":"<p>Livre\u00a0Mini Polys\u00e8me #8 &#8211; S\u00e1pmi En 2018, je suis parti\u00b7e une douzaine de jours dans la partie laponne de la Finlande et en Norv\u00e8ge. Ce carnet de voyage est une ode aux grands espaces, aux paysages non anthropis\u00e9s, aux esp\u00e8ces sauvages que j\u2019ai crois\u00e9es. Une ode \u00e0 ce monde silencieux dont la biodiversit\u00e9 se r\u00e9duit &hellip; <\/p>\n<p class=\"link-more\"><a href=\"https:\/\/lafillerenne.fr\/blog\/produit\/livre-mini-polyseme-8-sapmi\/\" class=\"more-link\">Continuer la lecture<span class=\"screen-reader-text\"> de &laquo;&nbsp;Livre Mini Polys\u00e8me #8 &#8211; S\u00e1pmi&nbsp;&raquo;<\/span><\/a><\/p>\n","protected":false},"featured_media":7283,"template":"","meta":[],"product_cat":[45,80],"product_tag":[65,72,70],"_links":{"self":[{"href":"https:\/\/lafillerenne.fr\/blog\/wp-json\/wp\/v2\/product\/6561"}],"collection":[{"href":"https:\/\/lafillerenne.fr\/blog\/wp-json\/wp\/v2\/product"}],"about":[{"href":"https:\/\/lafillerenne.fr\/blog\/wp-json\/wp\/v2\/types\/product"}],"wp:featuredmedia":[{"embeddable":true,"href":"https:\/\/lafillerenne.fr\/blog\/wp-json\/wp\/v2\/media\/7283"}],"wp:attachment":[{"href":"https:\/\/lafillerenne.fr\/blog\/wp-json\/wp\/v2\/media?parent=6561"}],"wp:term":[{"taxonomy":"product_cat","embeddable":true,"href":"https:\/\/lafillerenne.fr\/blog\/wp-json\/wp\/v2\/product_cat?post=6561"},{"taxonomy":"product_tag","embeddable":true,"href":"https:\/\/lafillerenne.fr\/blog\/wp-json\/wp\/v2\/product_tag?post=6561"}],"curies":[{"name":"wp","href":"https:\/\/api.w.org\/{rel}","templated":true}]}}