{"id":6573,"date":"2021-10-11T16:29:26","date_gmt":"2021-10-11T14:29:26","guid":{"rendered":"https:\/\/lafillerenne.fr\/blog\/?post_type=product&#038;p=6573"},"modified":"2024-02-29T21:30:39","modified_gmt":"2024-02-29T20:30:39","slug":"livre-mini-polyseme-9-entre-pomeranie-majorque","status":"publish","type":"product","link":"https:\/\/lafillerenne.fr\/blog\/produit\/livre-mini-polyseme-9-entre-pomeranie-majorque\/","title":{"rendered":"Livre Mini Polys\u00e8me #9 &#8211; Entre Pom\u00e9ranie &amp; Majorque"},"content":{"rendered":"<p>Livre\u00a0<strong>Mini Polys\u00e8me #9 &#8211; Entre Pom\u00e9ranie &amp; Majorque<\/strong><\/p>\n<p><em>En ao\u00fbt 2019 nous avons, \u00e0 deux, pass\u00e9 trois semaines dans une voiture entre la France, l\u2019Allemagne, la Pologne, l\u2019\u00eele de Majorque et la R\u00e9publique Tch\u00e8que.<\/em><br \/>\n<em>Ce carnet de voyage est une ode aux grands espaces, aux for\u00eats, aux zones lagunaires, aux c\u00f4tes, aux oiseaux marins. Aux villes slaves et aux lieux peu anthropis\u00e9s. Une ode \u00e0 un rythme de vie plus lent, d\u00e9centr\u00e9 du travail mon\u00e9tis\u00e9 et aux rencontres. Une ode \u00e0 l\u2019\u00e9cof\u00e9minisme que je d\u00e9couvre et aux liens forts.<\/em><\/p>\n<p><em>In August 2019, the two of us got in a car and set off for a three-week adventure through France, Germany, Poland, Majorca and the Czech Republic. This travel journal is an ode to the great outdoors, to forests, lake areas, coasts and seabirds. An ode to Slavic cities and to places with very little human impact. An ode to a quieter lifestyle, centered less on waged work, more on unexpected encounters. An ode to ecofeminism, which I was only just discovering then, and an ode to strong bonds.<\/em><\/p>\n<p>Peut aussi \u00eatre directement command\u00e9 sur le site de l&#8217;\u00e9diteur :<br \/>\n&#8211; <a href=\"https:\/\/polysememagazine.bigcartel.com\/product\/mini-polyseme-9-la-fille-renne-entre-pomeranie-majorque-1\">version papier \u00e0 10\u20ac<\/a><br \/>\n&#8211; <a href=\"https:\/\/polysememagazine.bigcartel.com\/product\/mini-polyseme-9-la-fille-renne-entre-pomeranie-majorque\">version num\u00e9rique \u00e0 4\u20ac<\/a><br \/>\n&#8211; <a href=\"https:\/\/polysememagazine.bigcartel.com\/product\/pack-mini-polyseme-8-9-la-fille-renne\">pack<\/a><\/p>\n<p>\u00c9diteur : <a href=\"https:\/\/polysememagazine.bigcartel.com\/\">Polys\u00e8me Magazine<\/a><br \/>\n21\u00d714,8 cm<br \/>\n64 pages<br \/>\nISSN : 2650-3875<br \/>\nCouverture souple \/ soft cover<br \/>\n2020<\/p>\n<p>\u2728<br \/>\n<em>book analog film photography germany poland majorca pomerania travel roadtrip<\/em><\/p>\n","protected":false},"excerpt":{"rendered":"<p>Livre\u00a0Mini Polys\u00e8me #9 &#8211; Entre Pom\u00e9ranie &amp; Majorque En ao\u00fbt 2019 nous avons, \u00e0 deux, pass\u00e9 trois semaines dans une voiture entre la France, l\u2019Allemagne, la Pologne, l\u2019\u00eele de Majorque et la R\u00e9publique Tch\u00e8que. Ce carnet de voyage est une ode aux grands espaces, aux for\u00eats, aux zones lagunaires, aux c\u00f4tes, aux oiseaux marins. Aux &hellip; <\/p>\n<p class=\"link-more\"><a href=\"https:\/\/lafillerenne.fr\/blog\/produit\/livre-mini-polyseme-9-entre-pomeranie-majorque\/\" class=\"more-link\">Continuer la lecture<span class=\"screen-reader-text\"> de &laquo;&nbsp;Livre Mini Polys\u00e8me #9 &#8211; Entre Pom\u00e9ranie &amp; Majorque&nbsp;&raquo;<\/span><\/a><\/p>\n","protected":false},"featured_media":7282,"template":"","meta":[],"product_cat":[45],"product_tag":[72,70],"_links":{"self":[{"href":"https:\/\/lafillerenne.fr\/blog\/wp-json\/wp\/v2\/product\/6573"}],"collection":[{"href":"https:\/\/lafillerenne.fr\/blog\/wp-json\/wp\/v2\/product"}],"about":[{"href":"https:\/\/lafillerenne.fr\/blog\/wp-json\/wp\/v2\/types\/product"}],"wp:featuredmedia":[{"embeddable":true,"href":"https:\/\/lafillerenne.fr\/blog\/wp-json\/wp\/v2\/media\/7282"}],"wp:attachment":[{"href":"https:\/\/lafillerenne.fr\/blog\/wp-json\/wp\/v2\/media?parent=6573"}],"wp:term":[{"taxonomy":"product_cat","embeddable":true,"href":"https:\/\/lafillerenne.fr\/blog\/wp-json\/wp\/v2\/product_cat?post=6573"},{"taxonomy":"product_tag","embeddable":true,"href":"https:\/\/lafillerenne.fr\/blog\/wp-json\/wp\/v2\/product_tag?post=6573"}],"curies":[{"name":"wp","href":"https:\/\/api.w.org\/{rel}","templated":true}]}}