{"id":6733,"date":"2023-07-25T16:30:14","date_gmt":"2023-07-25T14:30:14","guid":{"rendered":"https:\/\/lafillerenne.fr\/blog\/?post_type=product&#038;p=6733"},"modified":"2025-12-12T13:24:57","modified_gmt":"2025-12-12T12:24:57","slug":"pins-chauve-souris-javelot-preventes","status":"publish","type":"product","link":"https:\/\/lafillerenne.fr\/blog\/produit\/pins-chauve-souris-javelot-preventes\/","title":{"rendered":"Pin&#8217;s chauve-souris javelot"},"content":{"rendered":"<p>Pin&#8217;s repr\u00e9sentant une t\u00eate de chauve-souris javelot (<em>Vampyrum spectrum<\/em>).<br \/>\nM\u00e9tal argent\u00e9 \u00e9maill\u00e9 (hard enamel).<\/p>\n<p>3,5 cm de haut.<br \/>\nAttache noire en caoutchouc au dos.<\/p>\n<p>Envoi partout dans le monde. Il est aussi possible de le r\u00e9cup\u00e9rer sans frais d&#8217;envoi \u00e0 la boutique Encre&amp;Cendre (Lyon 1). S\u00e9lectionner &#8220;point de vente&#8221; en m\u00e9thode d&#8217;exp\u00e9dition.<\/p>\n<p>\u2728<br \/>\n<em>enamel pin bat<\/em><\/p>\n","protected":false},"excerpt":{"rendered":"<p>Pin&#8217;s repr\u00e9sentant une t\u00eate de chauve-souris javelot (Vampyrum spectrum). M\u00e9tal argent\u00e9 \u00e9maill\u00e9 (hard enamel). 3,5 cm de haut. Attache noire en caoutchouc au dos. Envoi partout dans le monde. Il est aussi possible de le r\u00e9cup\u00e9rer sans frais d&#8217;envoi \u00e0 la boutique Encre&amp;Cendre (Lyon 1). S\u00e9lectionner &#8220;point de vente&#8221; en m\u00e9thode d&#8217;exp\u00e9dition. \u2728 enamel pin &hellip; <\/p>\n<p class=\"link-more\"><a href=\"https:\/\/lafillerenne.fr\/blog\/produit\/pins-chauve-souris-javelot-preventes\/\" class=\"more-link\">Continuer la lecture<span class=\"screen-reader-text\"> de &laquo;&nbsp;Pin&#8217;s chauve-souris javelot&nbsp;&raquo;<\/span><\/a><\/p>\n","protected":false},"featured_media":6899,"template":"","meta":[],"product_cat":[55],"product_tag":[64],"_links":{"self":[{"href":"https:\/\/lafillerenne.fr\/blog\/wp-json\/wp\/v2\/product\/6733"}],"collection":[{"href":"https:\/\/lafillerenne.fr\/blog\/wp-json\/wp\/v2\/product"}],"about":[{"href":"https:\/\/lafillerenne.fr\/blog\/wp-json\/wp\/v2\/types\/product"}],"wp:featuredmedia":[{"embeddable":true,"href":"https:\/\/lafillerenne.fr\/blog\/wp-json\/wp\/v2\/media\/6899"}],"wp:attachment":[{"href":"https:\/\/lafillerenne.fr\/blog\/wp-json\/wp\/v2\/media?parent=6733"}],"wp:term":[{"taxonomy":"product_cat","embeddable":true,"href":"https:\/\/lafillerenne.fr\/blog\/wp-json\/wp\/v2\/product_cat?post=6733"},{"taxonomy":"product_tag","embeddable":true,"href":"https:\/\/lafillerenne.fr\/blog\/wp-json\/wp\/v2\/product_tag?post=6733"}],"curies":[{"name":"wp","href":"https:\/\/api.w.org\/{rel}","templated":true}]}}