{"id":6756,"date":"2023-06-21T12:39:59","date_gmt":"2023-06-21T10:39:59","guid":{"rendered":"https:\/\/lafillerenne.fr\/blog\/?post_type=product&#038;p=6756"},"modified":"2025-12-15T17:37:15","modified_gmt":"2025-12-15T16:37:15","slug":"print-orkney-wildlife","status":"publish","type":"product","link":"https:\/\/lafillerenne.fr\/blog\/produit\/print-orkney-wildlife\/","title":{"rendered":"Print Orkney Wildlife"},"content":{"rendered":"<p>Print sur la vie sauvage des Orcades, archipel au nord de l\u2019\u00c9cosse.<\/p>\n<p>Impression sign\u00e9e, sur papier 400g, fini couch\u00e9 demi-mat, format A4.<br \/>\nL\u2019original a \u00e9t\u00e9 r\u00e9alis\u00e9 \u00e0 la main, aux feutres.<\/p>\n<p>Il est aussi possible d&#8217;<a href=\"https:\/\/lafillerenne.fr\/blog\/produit\/print-orkney-wildlife-cartes\/\">acheter l&#8217;impression en lot avec deux cartes postales<\/a>.<\/p>\n<p>Envoi partout dans le monde. Il est aussi possible de le r\u00e9cup\u00e9rer sans frais d&#8217;envoi \u00e0 la boutique Encre&amp;Cendre (Lyon 1). S\u00e9lectionner &#8220;point de vente&#8221; en m\u00e9thode d&#8217;exp\u00e9dition.<\/p>\n<p>\u2728<br \/>\n<em>print orkney wildlife animal bones science scotland<\/em><\/p>\n","protected":false},"excerpt":{"rendered":"<p>Print sur la vie sauvage des Orcades, archipel au nord de l\u2019\u00c9cosse. Impression sign\u00e9e, sur papier 400g, fini couch\u00e9 demi-mat, format A4. L\u2019original a \u00e9t\u00e9 r\u00e9alis\u00e9 \u00e0 la main, aux feutres. Il est aussi possible d&#8217;acheter l&#8217;impression en lot avec deux cartes postales. Envoi partout dans le monde. Il est aussi possible de le r\u00e9cup\u00e9rer &hellip; <\/p>\n<p class=\"link-more\"><a href=\"https:\/\/lafillerenne.fr\/blog\/produit\/print-orkney-wildlife\/\" class=\"more-link\">Continuer la lecture<span class=\"screen-reader-text\"> de &laquo;&nbsp;Print Orkney Wildlife&nbsp;&raquo;<\/span><\/a><\/p>\n","protected":false},"featured_media":7296,"template":"","meta":[],"product_cat":[46,81],"product_tag":[67],"_links":{"self":[{"href":"https:\/\/lafillerenne.fr\/blog\/wp-json\/wp\/v2\/product\/6756"}],"collection":[{"href":"https:\/\/lafillerenne.fr\/blog\/wp-json\/wp\/v2\/product"}],"about":[{"href":"https:\/\/lafillerenne.fr\/blog\/wp-json\/wp\/v2\/types\/product"}],"wp:featuredmedia":[{"embeddable":true,"href":"https:\/\/lafillerenne.fr\/blog\/wp-json\/wp\/v2\/media\/7296"}],"wp:attachment":[{"href":"https:\/\/lafillerenne.fr\/blog\/wp-json\/wp\/v2\/media?parent=6756"}],"wp:term":[{"taxonomy":"product_cat","embeddable":true,"href":"https:\/\/lafillerenne.fr\/blog\/wp-json\/wp\/v2\/product_cat?post=6756"},{"taxonomy":"product_tag","embeddable":true,"href":"https:\/\/lafillerenne.fr\/blog\/wp-json\/wp\/v2\/product_tag?post=6756"}],"curies":[{"name":"wp","href":"https:\/\/api.w.org\/{rel}","templated":true}]}}