{"id":6758,"date":"2023-06-21T12:42:52","date_gmt":"2023-06-21T10:42:52","guid":{"rendered":"https:\/\/lafillerenne.fr\/blog\/?post_type=product&#038;p=6758"},"modified":"2026-03-30T17:43:23","modified_gmt":"2026-03-30T15:43:23","slug":"cartes-postales-orkney-wildlife","status":"publish","type":"product","link":"https:\/\/lafillerenne.fr\/blog\/produit\/cartes-postales-orkney-wildlife\/","title":{"rendered":"Cartes postales Orkney Wildlife"},"content":{"rendered":"<p>Lot de deux cartes postales sur la vie sauvage des Orcades, archipel au nord de l\u2019\u00c9cosse : l&#8217;un avec une photographie de cr\u00e2ne de baleine franche de l&#8217;Atlantique nord et l&#8217;autre une photographie de colonne vert\u00e9brale de rorqual commun.<\/p>\n<p>Impression sur papier 400g, fini couch\u00e9 demi-mat, format A6.<\/p>\n<p>Envoi partout dans le monde. Il est aussi possible de le r\u00e9cup\u00e9rer sans frais d&#8217;envoi \u00e0 la boutique Encre&amp;Cendre (Lyon 1). S\u00e9lectionner &#8220;point de vente&#8221; en m\u00e9thode d&#8217;exp\u00e9dition.<\/p>\n<p>\u2728<br \/>\n<em>print orkney wildlife animal bones science scotland<\/em> <em>postcard<\/em><\/p>\n","protected":false},"excerpt":{"rendered":"<p>Lot de deux cartes postales sur la vie sauvage des Orcades, archipel au nord de l\u2019\u00c9cosse : l&#8217;un avec une photographie de cr\u00e2ne de baleine franche de l&#8217;Atlantique nord et l&#8217;autre une photographie de colonne vert\u00e9brale de rorqual commun. Impression sur papier 400g, fini couch\u00e9 demi-mat, format A6. Envoi partout dans le monde. Il est &hellip; <\/p>\n<p class=\"link-more\"><a href=\"https:\/\/lafillerenne.fr\/blog\/produit\/cartes-postales-orkney-wildlife\/\" class=\"more-link\">Continuer la lecture<span class=\"screen-reader-text\"> de &laquo;&nbsp;Cartes postales Orkney Wildlife&nbsp;&raquo;<\/span><\/a><\/p>\n","protected":false},"featured_media":6959,"template":"","meta":[],"product_cat":[59,81],"product_tag":[66,70],"_links":{"self":[{"href":"https:\/\/lafillerenne.fr\/blog\/wp-json\/wp\/v2\/product\/6758"}],"collection":[{"href":"https:\/\/lafillerenne.fr\/blog\/wp-json\/wp\/v2\/product"}],"about":[{"href":"https:\/\/lafillerenne.fr\/blog\/wp-json\/wp\/v2\/types\/product"}],"wp:featuredmedia":[{"embeddable":true,"href":"https:\/\/lafillerenne.fr\/blog\/wp-json\/wp\/v2\/media\/6959"}],"wp:attachment":[{"href":"https:\/\/lafillerenne.fr\/blog\/wp-json\/wp\/v2\/media?parent=6758"}],"wp:term":[{"taxonomy":"product_cat","embeddable":true,"href":"https:\/\/lafillerenne.fr\/blog\/wp-json\/wp\/v2\/product_cat?post=6758"},{"taxonomy":"product_tag","embeddable":true,"href":"https:\/\/lafillerenne.fr\/blog\/wp-json\/wp\/v2\/product_tag?post=6758"}],"curies":[{"name":"wp","href":"https:\/\/api.w.org\/{rel}","templated":true}]}}