{"id":6766,"date":"2023-06-21T16:18:06","date_gmt":"2023-06-21T14:18:06","guid":{"rendered":"https:\/\/lafillerenne.fr\/blog\/?post_type=product&#038;p=6766"},"modified":"2026-02-16T14:06:40","modified_gmt":"2026-02-16T13:06:40","slug":"sticker-holographique-chauve-souris-javelot","status":"publish","type":"product","link":"https:\/\/lafillerenne.fr\/blog\/produit\/sticker-holographique-chauve-souris-javelot\/","title":{"rendered":"Sticker holographique chauve-souris javelot"},"content":{"rendered":"<p>Sticker holographique repr\u00e9sentant une t\u00eate de chauve-souris javelot (<em>Vampyrum spectrum<\/em>).<\/p>\n<p>5 x 5.4 cm<br \/>\nVinyle, finition glossy<\/p>\n<p>Vendu \u00e0 l&#8217;unit\u00e9<\/p>\n<p>Envoi partout dans le monde. Il est aussi possible de le r\u00e9cup\u00e9rer sans frais d&#8217;envoi \u00e0 la boutique Encre&amp;Cendre (Lyon 1). S\u00e9lectionner &#8220;point de vente&#8221; en m\u00e9thode d&#8217;exp\u00e9dition.<\/p>\n<p>\u2728<br \/>\n<em>stickers holographic bat<\/em><\/p>\n","protected":false},"excerpt":{"rendered":"<p>Sticker holographique repr\u00e9sentant une t\u00eate de chauve-souris javelot (Vampyrum spectrum). 5 x 5.4 cm Vinyle, finition glossy Vendu \u00e0 l&#8217;unit\u00e9 Envoi partout dans le monde. Il est aussi possible de le r\u00e9cup\u00e9rer sans frais d&#8217;envoi \u00e0 la boutique Encre&amp;Cendre (Lyon 1). S\u00e9lectionner &#8220;point de vente&#8221; en m\u00e9thode d&#8217;exp\u00e9dition. \u2728 stickers holographic bat<\/p>\n","protected":false},"featured_media":6889,"template":"","meta":[],"product_cat":[57],"product_tag":[63],"_links":{"self":[{"href":"https:\/\/lafillerenne.fr\/blog\/wp-json\/wp\/v2\/product\/6766"}],"collection":[{"href":"https:\/\/lafillerenne.fr\/blog\/wp-json\/wp\/v2\/product"}],"about":[{"href":"https:\/\/lafillerenne.fr\/blog\/wp-json\/wp\/v2\/types\/product"}],"wp:featuredmedia":[{"embeddable":true,"href":"https:\/\/lafillerenne.fr\/blog\/wp-json\/wp\/v2\/media\/6889"}],"wp:attachment":[{"href":"https:\/\/lafillerenne.fr\/blog\/wp-json\/wp\/v2\/media?parent=6766"}],"wp:term":[{"taxonomy":"product_cat","embeddable":true,"href":"https:\/\/lafillerenne.fr\/blog\/wp-json\/wp\/v2\/product_cat?post=6766"},{"taxonomy":"product_tag","embeddable":true,"href":"https:\/\/lafillerenne.fr\/blog\/wp-json\/wp\/v2\/product_tag?post=6766"}],"curies":[{"name":"wp","href":"https:\/\/api.w.org\/{rel}","templated":true}]}}