{"id":7019,"date":"2023-10-23T18:18:43","date_gmt":"2023-10-23T16:18:43","guid":{"rendered":"https:\/\/lafillerenne.fr\/blog\/?post_type=product&#038;p=7019"},"modified":"2026-02-16T14:10:05","modified_gmt":"2026-02-16T13:10:05","slug":"carte-postale-collection-lofoten","status":"publish","type":"product","link":"https:\/\/lafillerenne.fr\/blog\/produit\/carte-postale-collection-lofoten\/","title":{"rendered":"Carte postale collection Lofoten"},"content":{"rendered":"<p>Carte postale avec une photographie argentique prise aux Lofoten, en Norv\u00e8ge. Le verso est blanc et inscriptible.<\/p>\n<p>Impression sur papier 400g, fini couch\u00e9 demi-mat, format A6.<\/p>\n<p>Envoi partout dans le monde. Il est aussi possible de le r\u00e9cup\u00e9rer sans frais d&#8217;envoi \u00e0 la boutique Encre&amp;Cendre (Lyon 1). S\u00e9lectionner &#8220;point de vente&#8221; en m\u00e9thode d&#8217;exp\u00e9dition.<\/p>\n<p>\u2728<br \/>\n<em>print<\/em> <em>postcard lofoten norway scandinavia arctic winter<br \/>\n<\/em><\/p>\n","protected":false},"excerpt":{"rendered":"<p>Carte postale avec une photographie argentique prise aux Lofoten, en Norv\u00e8ge. Le verso est blanc et inscriptible. Impression sur papier 400g, fini couch\u00e9 demi-mat, format A6. Envoi partout dans le monde. Il est aussi possible de le r\u00e9cup\u00e9rer sans frais d&#8217;envoi \u00e0 la boutique Encre&amp;Cendre (Lyon 1). S\u00e9lectionner &#8220;point de vente&#8221; en m\u00e9thode d&#8217;exp\u00e9dition. \u2728 &hellip; <\/p>\n<p class=\"link-more\"><a href=\"https:\/\/lafillerenne.fr\/blog\/produit\/carte-postale-collection-lofoten\/\" class=\"more-link\">Continuer la lecture<span class=\"screen-reader-text\"> de &laquo;&nbsp;Carte postale collection Lofoten&nbsp;&raquo;<\/span><\/a><\/p>\n","protected":false},"featured_media":7093,"template":"","meta":[],"product_cat":[59,80],"product_tag":[65,66,62,70],"_links":{"self":[{"href":"https:\/\/lafillerenne.fr\/blog\/wp-json\/wp\/v2\/product\/7019"}],"collection":[{"href":"https:\/\/lafillerenne.fr\/blog\/wp-json\/wp\/v2\/product"}],"about":[{"href":"https:\/\/lafillerenne.fr\/blog\/wp-json\/wp\/v2\/types\/product"}],"wp:featuredmedia":[{"embeddable":true,"href":"https:\/\/lafillerenne.fr\/blog\/wp-json\/wp\/v2\/media\/7093"}],"wp:attachment":[{"href":"https:\/\/lafillerenne.fr\/blog\/wp-json\/wp\/v2\/media?parent=7019"}],"wp:term":[{"taxonomy":"product_cat","embeddable":true,"href":"https:\/\/lafillerenne.fr\/blog\/wp-json\/wp\/v2\/product_cat?post=7019"},{"taxonomy":"product_tag","embeddable":true,"href":"https:\/\/lafillerenne.fr\/blog\/wp-json\/wp\/v2\/product_tag?post=7019"}],"curies":[{"name":"wp","href":"https:\/\/api.w.org\/{rel}","templated":true}]}}