{"id":7021,"date":"2023-10-23T18:24:15","date_gmt":"2023-10-23T16:24:15","guid":{"rendered":"https:\/\/lafillerenne.fr\/blog\/?post_type=product&#038;p=7021"},"modified":"2025-09-04T13:25:43","modified_gmt":"2025-09-04T11:25:43","slug":"porte-cle-rorbu-collection-lofoten","status":"publish","type":"product","link":"https:\/\/lafillerenne.fr\/blog\/produit\/porte-cle-rorbu-collection-lofoten\/","title":{"rendered":"Porte-cl\u00e9 rorbu, collection Lofoten"},"content":{"rendered":"<p>Porte-cl\u00e9 repr\u00e9sentant un rorbu (cabane de p\u00eache sur pilotis norv\u00e9gienne). Le verso est paillet\u00e9.<br \/>\nAnneau en m\u00e9tal de seconde main et r\u00e9sine transparente.<br \/>\n4 cm de large<\/p>\n<p>Envoi partout dans le monde. Il est aussi possible de le r\u00e9cup\u00e9rer sans frais d&#8217;envoi \u00e0 la boutique Encre&amp;Cendre (Lyon 1). S\u00e9lectionner &#8220;point de vente&#8221; en m\u00e9thode d&#8217;exp\u00e9dition.<\/p>\n<p>\u2728<br \/>\n<em>lofoten norway scandinavia arctic winter keychain rorbu rorbuer cabin<\/em><\/p>\n","protected":false},"excerpt":{"rendered":"<p>Porte-cl\u00e9 repr\u00e9sentant un rorbu (cabane de p\u00eache sur pilotis norv\u00e9gienne). Le verso est paillet\u00e9. Anneau en m\u00e9tal de seconde main et r\u00e9sine transparente. 4 cm de large Envoi partout dans le monde. Il est aussi possible de le r\u00e9cup\u00e9rer sans frais d&#8217;envoi \u00e0 la boutique Encre&amp;Cendre (Lyon 1). S\u00e9lectionner &#8220;point de vente&#8221; en m\u00e9thode d&#8217;exp\u00e9dition. &hellip; <\/p>\n<p class=\"link-more\"><a href=\"https:\/\/lafillerenne.fr\/blog\/produit\/porte-cle-rorbu-collection-lofoten\/\" class=\"more-link\">Continuer la lecture<span class=\"screen-reader-text\"> de &laquo;&nbsp;Porte-cl\u00e9 rorbu, collection Lofoten&nbsp;&raquo;<\/span><\/a><\/p>\n","protected":false},"featured_media":7011,"template":"","meta":[],"product_cat":[56],"product_tag":[65,62,68],"_links":{"self":[{"href":"https:\/\/lafillerenne.fr\/blog\/wp-json\/wp\/v2\/product\/7021"}],"collection":[{"href":"https:\/\/lafillerenne.fr\/blog\/wp-json\/wp\/v2\/product"}],"about":[{"href":"https:\/\/lafillerenne.fr\/blog\/wp-json\/wp\/v2\/types\/product"}],"wp:featuredmedia":[{"embeddable":true,"href":"https:\/\/lafillerenne.fr\/blog\/wp-json\/wp\/v2\/media\/7011"}],"wp:attachment":[{"href":"https:\/\/lafillerenne.fr\/blog\/wp-json\/wp\/v2\/media?parent=7021"}],"wp:term":[{"taxonomy":"product_cat","embeddable":true,"href":"https:\/\/lafillerenne.fr\/blog\/wp-json\/wp\/v2\/product_cat?post=7021"},{"taxonomy":"product_tag","embeddable":true,"href":"https:\/\/lafillerenne.fr\/blog\/wp-json\/wp\/v2\/product_tag?post=7021"}],"curies":[{"name":"wp","href":"https:\/\/api.w.org\/{rel}","templated":true}]}}