{"id":7022,"date":"2023-10-23T18:32:04","date_gmt":"2023-10-23T16:32:04","guid":{"rendered":"https:\/\/lafillerenne.fr\/blog\/?post_type=product&#038;p=7022"},"modified":"2025-12-15T12:38:50","modified_gmt":"2025-12-15T11:38:50","slug":"sticker-holographique-phoque-collection-lofoten","status":"publish","type":"product","link":"https:\/\/lafillerenne.fr\/blog\/produit\/sticker-holographique-phoque-collection-lofoten\/","title":{"rendered":"Sticker holographique phoque, collection Lofoten"},"content":{"rendered":"<p>Sticker holographique repr\u00e9sentant un phoque veau-marin (<em>Phoca vitulina<\/em>).<\/p>\n<p>8,2 x 3,5 cm<br \/>\nVinyle, finition glossy<\/p>\n<p>Vendu \u00e0 l&#8217;unit\u00e9<\/p>\n<p>Envoi partout dans le monde. Il est aussi possible de le r\u00e9cup\u00e9rer sans frais d&#8217;envoi \u00e0 la boutique Encre&amp;Cendre (Lyon 1). S\u00e9lectionner &#8220;point de vente&#8221; en m\u00e9thode d&#8217;exp\u00e9dition.<\/p>\n<p>\u2728<br \/>\n<em>stickers holographic lofoten norway scandinavia arctic winter seal<\/em><\/p>\n","protected":false},"excerpt":{"rendered":"<p>Sticker holographique repr\u00e9sentant un phoque veau-marin (Phoca vitulina). 8,2 x 3,5 cm Vinyle, finition glossy Vendu \u00e0 l&#8217;unit\u00e9 Envoi partout dans le monde. Il est aussi possible de le r\u00e9cup\u00e9rer sans frais d&#8217;envoi \u00e0 la boutique Encre&amp;Cendre (Lyon 1). S\u00e9lectionner &#8220;point de vente&#8221; en m\u00e9thode d&#8217;exp\u00e9dition. \u2728 stickers holographic lofoten norway scandinavia arctic winter seal<\/p>\n","protected":false},"featured_media":6999,"template":"","meta":[],"product_cat":[57,79,80,81],"product_tag":[65,62,63],"_links":{"self":[{"href":"https:\/\/lafillerenne.fr\/blog\/wp-json\/wp\/v2\/product\/7022"}],"collection":[{"href":"https:\/\/lafillerenne.fr\/blog\/wp-json\/wp\/v2\/product"}],"about":[{"href":"https:\/\/lafillerenne.fr\/blog\/wp-json\/wp\/v2\/types\/product"}],"wp:featuredmedia":[{"embeddable":true,"href":"https:\/\/lafillerenne.fr\/blog\/wp-json\/wp\/v2\/media\/6999"}],"wp:attachment":[{"href":"https:\/\/lafillerenne.fr\/blog\/wp-json\/wp\/v2\/media?parent=7022"}],"wp:term":[{"taxonomy":"product_cat","embeddable":true,"href":"https:\/\/lafillerenne.fr\/blog\/wp-json\/wp\/v2\/product_cat?post=7022"},{"taxonomy":"product_tag","embeddable":true,"href":"https:\/\/lafillerenne.fr\/blog\/wp-json\/wp\/v2\/product_tag?post=7022"}],"curies":[{"name":"wp","href":"https:\/\/api.w.org\/{rel}","templated":true}]}}