{"id":7023,"date":"2023-10-23T18:36:47","date_gmt":"2023-10-23T16:36:47","guid":{"rendered":"https:\/\/lafillerenne.fr\/blog\/?post_type=product&#038;p=7023"},"modified":"2025-09-24T11:41:54","modified_gmt":"2025-09-24T09:41:54","slug":"sticker-holographique-phoque-algues-collection-lofoten","status":"publish","type":"product","link":"https:\/\/lafillerenne.fr\/blog\/produit\/sticker-holographique-phoque-algues-collection-lofoten\/","title":{"rendered":"Sticker holographique phoque &#038; algues, collection Lofoten"},"content":{"rendered":"<p>Sticker holographique repr\u00e9sentant un phoque veau-marin (<em>Phoca vitulina<\/em>) et des algues.<\/p>\n<p>8,1 x 4,8 cm<br \/>\nVinyle, finition glossy<\/p>\n<p>Vendu \u00e0 l&#8217;unit\u00e9<\/p>\n<p>Envoi partout dans le monde. Il est aussi possible de le r\u00e9cup\u00e9rer sans frais d&#8217;envoi \u00e0 la boutique Encre&amp;Cendre (Lyon 1). S\u00e9lectionner &#8220;point de vente&#8221; en m\u00e9thode d&#8217;exp\u00e9dition.<\/p>\n<p>\u2728<br \/>\n<em>stickers holographic lofoten norway scandinavia arctic winter seal<\/em><\/p>\n","protected":false},"excerpt":{"rendered":"<p>Sticker holographique repr\u00e9sentant un phoque veau-marin (Phoca vitulina) et des algues. 8,1 x 4,8 cm Vinyle, finition glossy Vendu \u00e0 l&#8217;unit\u00e9 Envoi partout dans le monde. Il est aussi possible de le r\u00e9cup\u00e9rer sans frais d&#8217;envoi \u00e0 la boutique Encre&amp;Cendre (Lyon 1). S\u00e9lectionner &#8220;point de vente&#8221; en m\u00e9thode d&#8217;exp\u00e9dition. \u2728 stickers holographic lofoten norway scandinavia &hellip; <\/p>\n<p class=\"link-more\"><a href=\"https:\/\/lafillerenne.fr\/blog\/produit\/sticker-holographique-phoque-algues-collection-lofoten\/\" class=\"more-link\">Continuer la lecture<span class=\"screen-reader-text\"> de &laquo;&nbsp;Sticker holographique phoque &#038; algues, collection Lofoten&nbsp;&raquo;<\/span><\/a><\/p>\n","protected":false},"featured_media":6997,"template":"","meta":[],"product_cat":[57,79,80,81],"product_tag":[65,62,63],"_links":{"self":[{"href":"https:\/\/lafillerenne.fr\/blog\/wp-json\/wp\/v2\/product\/7023"}],"collection":[{"href":"https:\/\/lafillerenne.fr\/blog\/wp-json\/wp\/v2\/product"}],"about":[{"href":"https:\/\/lafillerenne.fr\/blog\/wp-json\/wp\/v2\/types\/product"}],"wp:featuredmedia":[{"embeddable":true,"href":"https:\/\/lafillerenne.fr\/blog\/wp-json\/wp\/v2\/media\/6997"}],"wp:attachment":[{"href":"https:\/\/lafillerenne.fr\/blog\/wp-json\/wp\/v2\/media?parent=7023"}],"wp:term":[{"taxonomy":"product_cat","embeddable":true,"href":"https:\/\/lafillerenne.fr\/blog\/wp-json\/wp\/v2\/product_cat?post=7023"},{"taxonomy":"product_tag","embeddable":true,"href":"https:\/\/lafillerenne.fr\/blog\/wp-json\/wp\/v2\/product_tag?post=7023"}],"curies":[{"name":"wp","href":"https:\/\/api.w.org\/{rel}","templated":true}]}}