{"id":7033,"date":"2023-10-23T19:19:21","date_gmt":"2023-10-23T17:19:21","guid":{"rendered":"https:\/\/lafillerenne.fr\/blog\/?post_type=product&#038;p=7033"},"modified":"2025-09-24T11:35:15","modified_gmt":"2025-09-24T09:35:15","slug":"boucles-doreille-globicephale-collection-lofoten","status":"publish","type":"product","link":"https:\/\/lafillerenne.fr\/blog\/produit\/boucles-doreille-globicephale-collection-lofoten\/","title":{"rendered":"Boucles d&#8217;oreille globic\u00e9phale, collection Lofoten"},"content":{"rendered":"<p>Paire de boucles d&#8217;oreille avec des pendentifs repr\u00e9sentants une silhouette et un squelette de globic\u00e9phale (<em>Globicephala melas<\/em>). Les parties internes sont \u00e9vid\u00e9es.<\/p>\n<p>Pendentif de 5 cm en acier inoxydable hypoallerg\u00e9nique, design\u00e9 par mes soins. L&#8217;acier est recyclable et fait en partie de mat\u00e9riel recycl\u00e9.<br \/>\nAnneaux en acier inoxydable.<\/p>\n<p>Envoi partout dans le monde. Il est aussi possible de le r\u00e9cup\u00e9rer sans frais d&#8217;envoi \u00e0 la boutique Encre&amp;Cendre (Lyon 1). S\u00e9lectionner &#8220;point de vente&#8221; en m\u00e9thode d&#8217;exp\u00e9dition.<\/p>\n<p>\u2728<br \/>\n<em>earrings lofoten norway scandinavia arctic winter long-finned pilot whale skeleton bones science<\/em><\/p>\n","protected":false},"excerpt":{"rendered":"<p>Paire de boucles d&#8217;oreille avec des pendentifs repr\u00e9sentants une silhouette et un squelette de globic\u00e9phale (Globicephala melas). Les parties internes sont \u00e9vid\u00e9es. Pendentif de 5 cm en acier inoxydable hypoallerg\u00e9nique, design\u00e9 par mes soins. L&#8217;acier est recyclable et fait en partie de mat\u00e9riel recycl\u00e9. Anneaux en acier inoxydable. Envoi partout dans le monde. Il est &hellip; <\/p>\n<p class=\"link-more\"><a href=\"https:\/\/lafillerenne.fr\/blog\/produit\/boucles-doreille-globicephale-collection-lofoten\/\" class=\"more-link\">Continuer la lecture<span class=\"screen-reader-text\"> de &laquo;&nbsp;Boucles d&#8217;oreille globic\u00e9phale, collection Lofoten&nbsp;&raquo;<\/span><\/a><\/p>\n","protected":false},"featured_media":7000,"template":"","meta":[],"product_cat":[77,79],"product_tag":[65,60,62],"_links":{"self":[{"href":"https:\/\/lafillerenne.fr\/blog\/wp-json\/wp\/v2\/product\/7033"}],"collection":[{"href":"https:\/\/lafillerenne.fr\/blog\/wp-json\/wp\/v2\/product"}],"about":[{"href":"https:\/\/lafillerenne.fr\/blog\/wp-json\/wp\/v2\/types\/product"}],"wp:featuredmedia":[{"embeddable":true,"href":"https:\/\/lafillerenne.fr\/blog\/wp-json\/wp\/v2\/media\/7000"}],"wp:attachment":[{"href":"https:\/\/lafillerenne.fr\/blog\/wp-json\/wp\/v2\/media?parent=7033"}],"wp:term":[{"taxonomy":"product_cat","embeddable":true,"href":"https:\/\/lafillerenne.fr\/blog\/wp-json\/wp\/v2\/product_cat?post=7033"},{"taxonomy":"product_tag","embeddable":true,"href":"https:\/\/lafillerenne.fr\/blog\/wp-json\/wp\/v2\/product_tag?post=7033"}],"curies":[{"name":"wp","href":"https:\/\/api.w.org\/{rel}","templated":true}]}}