{"id":7200,"date":"2023-12-22T12:30:55","date_gmt":"2023-12-22T11:30:55","guid":{"rendered":"https:\/\/lafillerenne.fr\/blog\/?post_type=product&#038;p=7200"},"modified":"2025-12-17T12:23:12","modified_gmt":"2025-12-17T11:23:12","slug":"pins-cordyceps-pre-vente","status":"publish","type":"product","link":"https:\/\/lafillerenne.fr\/blog\/produit\/pins-cordyceps-pre-vente\/","title":{"rendered":"Pin&#8217;s cordyceps"},"content":{"rendered":"<p>Pin&#8217;s repr\u00e9sentant un cr\u00e2ne humain et des cordyceps.<\/p>\n<p>M\u00e9tal anodis\u00e9 rainbow (soft enamel).<\/p>\n<p>Le m\u00e9tal anodis\u00e9 peut pr\u00e9senter des petites imperfections \u00e0 sa surface et ses couleurs varient d&#8217;un pin&#8217;s \u00e0 l&#8217;autre.<\/p>\n<p>3,7 x 3,8 cm<\/p>\n<p>Une attache noire en caoutchouc au dos.<\/p>\n<p>Envoi partout dans le monde. Il est aussi possible de le r\u00e9cup\u00e9rer sans frais d&#8217;envoi \u00e0 la boutique Encre&amp;Cendre (Lyon 1). S\u00e9lectionner &#8220;point de vente&#8221; en m\u00e9thode d&#8217;exp\u00e9dition.<\/p>\n<p>\u2728<\/p>\n<p><em>pin rainbow metal skull cordyceps the last of us<\/em><\/p>\n","protected":false},"excerpt":{"rendered":"<p>Pin&#8217;s repr\u00e9sentant un cr\u00e2ne humain et des cordyceps. M\u00e9tal anodis\u00e9 rainbow (soft enamel). Le m\u00e9tal anodis\u00e9 peut pr\u00e9senter des petites imperfections \u00e0 sa surface et ses couleurs varient d&#8217;un pin&#8217;s \u00e0 l&#8217;autre. 3,7 x 3,8 cm Une attache noire en caoutchouc au dos. Envoi partout dans le monde. Il est aussi possible de le r\u00e9cup\u00e9rer &hellip; <\/p>\n<p class=\"link-more\"><a href=\"https:\/\/lafillerenne.fr\/blog\/produit\/pins-cordyceps-pre-vente\/\" class=\"more-link\">Continuer la lecture<span class=\"screen-reader-text\"> de &laquo;&nbsp;Pin&#8217;s cordyceps&nbsp;&raquo;<\/span><\/a><\/p>\n","protected":false},"featured_media":7261,"template":"","meta":[],"product_cat":[55],"product_tag":[64],"_links":{"self":[{"href":"https:\/\/lafillerenne.fr\/blog\/wp-json\/wp\/v2\/product\/7200"}],"collection":[{"href":"https:\/\/lafillerenne.fr\/blog\/wp-json\/wp\/v2\/product"}],"about":[{"href":"https:\/\/lafillerenne.fr\/blog\/wp-json\/wp\/v2\/types\/product"}],"wp:featuredmedia":[{"embeddable":true,"href":"https:\/\/lafillerenne.fr\/blog\/wp-json\/wp\/v2\/media\/7261"}],"wp:attachment":[{"href":"https:\/\/lafillerenne.fr\/blog\/wp-json\/wp\/v2\/media?parent=7200"}],"wp:term":[{"taxonomy":"product_cat","embeddable":true,"href":"https:\/\/lafillerenne.fr\/blog\/wp-json\/wp\/v2\/product_cat?post=7200"},{"taxonomy":"product_tag","embeddable":true,"href":"https:\/\/lafillerenne.fr\/blog\/wp-json\/wp\/v2\/product_tag?post=7200"}],"curies":[{"name":"wp","href":"https:\/\/api.w.org\/{rel}","templated":true}]}}