{"id":7202,"date":"2024-05-02T15:36:54","date_gmt":"2024-05-02T13:36:54","guid":{"rendered":"https:\/\/lafillerenne.fr\/blog\/?post_type=product&#038;p=7202"},"modified":"2025-12-23T10:28:21","modified_gmt":"2025-12-23T09:28:21","slug":"pins-glacier","status":"publish","type":"product","link":"https:\/\/lafillerenne.fr\/blog\/produit\/pins-glacier\/","title":{"rendered":"Pin&#8217;s glacier"},"content":{"rendered":"<p>Pin&#8217;s repr\u00e9sentant un glacier.<br \/>\nM\u00e9tal argent\u00e9 \u00e9maill\u00e9 (hard enamel).<\/p>\n<p>2,5 cm de diam\u00e8tre<br \/>\nAttache noire en caoutchouc au dos.<\/p>\n<p>Envoi partout dans le monde. Il est aussi possible de le r\u00e9cup\u00e9rer sans frais d&#8217;envoi \u00e0 la boutique Encre&amp;Cendre (Lyon 1). S\u00e9lectionner &#8220;point de vente&#8221; en m\u00e9thode d&#8217;exp\u00e9dition.<\/p>\n<p>\u2728<br \/>\n<em>pin iceland greenland norway scandinavia arctic winter glacier ice<br \/>\n<\/em><\/p>\n","protected":false},"excerpt":{"rendered":"<p>Pin&#8217;s repr\u00e9sentant un glacier. M\u00e9tal argent\u00e9 \u00e9maill\u00e9 (hard enamel). 2,5 cm de diam\u00e8tre Attache noire en caoutchouc au dos. Envoi partout dans le monde. Il est aussi possible de le r\u00e9cup\u00e9rer sans frais d&#8217;envoi \u00e0 la boutique Encre&amp;Cendre (Lyon 1). S\u00e9lectionner &#8220;point de vente&#8221; en m\u00e9thode d&#8217;exp\u00e9dition. \u2728 pin iceland greenland norway scandinavia arctic winter &hellip; <\/p>\n<p class=\"link-more\"><a href=\"https:\/\/lafillerenne.fr\/blog\/produit\/pins-glacier\/\" class=\"more-link\">Continuer la lecture<span class=\"screen-reader-text\"> de &laquo;&nbsp;Pin&#8217;s glacier&nbsp;&raquo;<\/span><\/a><\/p>\n","protected":false},"featured_media":7381,"template":"","meta":[],"product_cat":[55,80],"product_tag":[65,62,64],"_links":{"self":[{"href":"https:\/\/lafillerenne.fr\/blog\/wp-json\/wp\/v2\/product\/7202"}],"collection":[{"href":"https:\/\/lafillerenne.fr\/blog\/wp-json\/wp\/v2\/product"}],"about":[{"href":"https:\/\/lafillerenne.fr\/blog\/wp-json\/wp\/v2\/types\/product"}],"wp:featuredmedia":[{"embeddable":true,"href":"https:\/\/lafillerenne.fr\/blog\/wp-json\/wp\/v2\/media\/7381"}],"wp:attachment":[{"href":"https:\/\/lafillerenne.fr\/blog\/wp-json\/wp\/v2\/media?parent=7202"}],"wp:term":[{"taxonomy":"product_cat","embeddable":true,"href":"https:\/\/lafillerenne.fr\/blog\/wp-json\/wp\/v2\/product_cat?post=7202"},{"taxonomy":"product_tag","embeddable":true,"href":"https:\/\/lafillerenne.fr\/blog\/wp-json\/wp\/v2\/product_tag?post=7202"}],"curies":[{"name":"wp","href":"https:\/\/api.w.org\/{rel}","templated":true}]}}