{"id":7311,"date":"2024-05-29T15:34:01","date_gmt":"2024-05-29T13:34:01","guid":{"rendered":"https:\/\/lafillerenne.fr\/blog\/?post_type=product&#038;p=7311"},"modified":"2025-12-18T16:03:21","modified_gmt":"2025-12-18T15:03:21","slug":"porte-cle-maquereau-collection-feroe","status":"publish","type":"product","link":"https:\/\/lafillerenne.fr\/blog\/produit\/porte-cle-maquereau-collection-feroe\/","title":{"rendered":"Porte-cl\u00e9 maquereau, collection F\u00e9ro\u00e9"},"content":{"rendered":"<p>Porte-cl\u00e9 repr\u00e9sentant un maquereau.<br \/>\nLe maquereau sans l&#8217;anneau mesure 8,7 x 2,4 cm.<br \/>\nR\u00e9sine transparente.<br \/>\nAnneau argent\u00e9 (les mousquetons laiton de seconde main ne sont plus disponibles).<\/p>\n<p>Envoi partout dans le monde. Il est aussi possible de le r\u00e9cup\u00e9rer sans frais d&#8217;envoi \u00e0 la boutique Encre&amp;Cendre (Lyon 1). S\u00e9lectionner &#8220;point de vente&#8221; en m\u00e9thode d&#8217;exp\u00e9dition.<\/p>\n<p>\u2728<br \/>\n<em>faroe islands scandinavia arctic winter keychain mackerel<\/em><\/p>\n","protected":false},"excerpt":{"rendered":"<p>Porte-cl\u00e9 repr\u00e9sentant un maquereau. Le maquereau sans l&#8217;anneau mesure 8,7 x 2,4 cm. R\u00e9sine transparente. Anneau argent\u00e9 (les mousquetons laiton de seconde main ne sont plus disponibles). Envoi partout dans le monde. Il est aussi possible de le r\u00e9cup\u00e9rer sans frais d&#8217;envoi \u00e0 la boutique Encre&amp;Cendre (Lyon 1). S\u00e9lectionner &#8220;point de vente&#8221; en m\u00e9thode d&#8217;exp\u00e9dition. &hellip; <\/p>\n<p class=\"link-more\"><a href=\"https:\/\/lafillerenne.fr\/blog\/produit\/porte-cle-maquereau-collection-feroe\/\" class=\"more-link\">Continuer la lecture<span class=\"screen-reader-text\"> de &laquo;&nbsp;Porte-cl\u00e9 maquereau, collection F\u00e9ro\u00e9&nbsp;&raquo;<\/span><\/a><\/p>\n","protected":false},"featured_media":7434,"template":"","meta":[],"product_cat":[56,79,80,81],"product_tag":[65,74,68],"_links":{"self":[{"href":"https:\/\/lafillerenne.fr\/blog\/wp-json\/wp\/v2\/product\/7311"}],"collection":[{"href":"https:\/\/lafillerenne.fr\/blog\/wp-json\/wp\/v2\/product"}],"about":[{"href":"https:\/\/lafillerenne.fr\/blog\/wp-json\/wp\/v2\/types\/product"}],"wp:featuredmedia":[{"embeddable":true,"href":"https:\/\/lafillerenne.fr\/blog\/wp-json\/wp\/v2\/media\/7434"}],"wp:attachment":[{"href":"https:\/\/lafillerenne.fr\/blog\/wp-json\/wp\/v2\/media?parent=7311"}],"wp:term":[{"taxonomy":"product_cat","embeddable":true,"href":"https:\/\/lafillerenne.fr\/blog\/wp-json\/wp\/v2\/product_cat?post=7311"},{"taxonomy":"product_tag","embeddable":true,"href":"https:\/\/lafillerenne.fr\/blog\/wp-json\/wp\/v2\/product_tag?post=7311"}],"curies":[{"name":"wp","href":"https:\/\/api.w.org\/{rel}","templated":true}]}}