{"id":7322,"date":"2024-06-02T15:38:15","date_gmt":"2024-06-02T13:38:15","guid":{"rendered":"https:\/\/lafillerenne.fr\/blog\/?post_type=product&#038;p=7322"},"modified":"2026-01-29T12:54:54","modified_gmt":"2026-01-29T11:54:54","slug":"livre-de-senja-aux-lofoten","status":"publish","type":"product","link":"https:\/\/lafillerenne.fr\/blog\/produit\/livre-de-senja-aux-lofoten\/","title":{"rendered":"Livre De Senja aux Lofoten"},"content":{"rendered":"<p><i>Dans mon imaginaire, l\u2019archipel des Lofoten [Lufuohtt\u00e1] \u00e9tait une r\u00e9gion de fjords parsem\u00e9e de rorbuer (ces cabanes de p\u00eache rouges en bois sur pilotis) et habit\u00e9e par des baleines gigantesques, des phoques et des selkies.<\/i><br \/>\n<i>En 2021, j\u2019ai pris mon sac \u00e0 dos, un compagnon de voyage et mon mat\u00e9riel photographique argentique pour v\u00e9rifier cela et d\u00e9couvrir une partie de la r\u00e9gion Nord-Norge [Davvi-Norga] au nord-ouest de la Norv\u00e8ge : de Troms\u00f8 [Romsa], en passant principalement par Senja [S\u00e1\u017e\u017e\u00e1], l\u2019archipel des Lofoten [Lufuohtt\u00e1] et l\u2019archipel des Vester\u00e5len [Viestter\u00e1las].<\/i><br \/>\n<i>Cet ouvrage narre ce road trip ponctu\u00e9 de paysages magnifiques, d\u2019humidit\u00e9 et de surprises : entre rennes, sites arch\u00e9ologiques, maisons abandonn\u00e9es, momies, architecture contemporaine, carcasses de bateaux et bien d\u2019autres choses.<\/i><\/p>\n<p>Le livre <strong>De Senja aux Lofoten<\/strong> a \u00e9t\u00e9 financ\u00e9 gr\u00e2ce \u00e0 une campagne <a href=\"https:\/\/fr.ulule.com\/de-senja-aux-lofoten\/\"><strong>sur Ulule<\/strong><\/a>.<br \/>\n184 pages de belles photographies argentiques prises durant un voyage au nord-ouest de la Norv\u00e8ge, accompagn\u00e9es d\u2019un r\u00e9cit de ce road trip et d\u2019anecdotes sur les lieux visit\u00e9s.<\/p>\n<p>\/<\/p>\n<p><em>In my imagination, the Lofoten archipelago [Lufuohtt\u00e1] was a region of fjords with rorbuer (traditional wooden fishermen&#8217;s cabins on stilts) and inhabited by gigantic whales, seals and selkies.<\/em><br \/>\n<em>In 2021, I took my backpack, a travelling companion and my analog photographic equipment to check this out and discover part of the Nord-Norge [Davvi-Norga] region in north-west Norway: from Troms\u00f8 [Romsa], to Senja [S\u00e1\u017e\u017e\u00e1], the Lofoten archipelago [Lufuohtt\u00e1] and the Vester\u00e5len archipelago [Viestter\u00e1las].<\/em><br \/>\n<em>This book recounts a road trip punctuated by magnificent landscapes, humidity and surprises: reindeers, archaeological sites, abandoned houses, mummies, contemporary architecture, shipwrecks and much more.<\/em><\/p>\n<p>The book <strong>De Senja aux Lofoten<\/strong> was funded by a campaign <strong><a href=\"https:\/\/fr.ulule.com\/de-senja-aux-lofoten\/\">on Ulule<\/a><\/strong>.<br \/>\n184 pages of beautiful analog photographs taken during a trip to north-west Norway, accompanied by the story of it (in French) and anecdotes about the places I visited.<\/p>\n<p>\/<\/p>\n<p>24\u00d717 cm<br \/>\n184 pages<br \/>\nCouverture souple \/ soft cover<br \/>\n2024<\/p>\n<p>\u2728<\/p>\n<p><em>book<\/em> <em>postcard pin sticker lofoten norway scandinavia arctic senja<br \/>\n<\/em><\/p>\n","protected":false},"excerpt":{"rendered":"<p>Dans mon imaginaire, l\u2019archipel des Lofoten [Lufuohtt\u00e1] \u00e9tait une r\u00e9gion de fjords parsem\u00e9e de rorbuer (ces cabanes de p\u00eache rouges en bois sur pilotis) et habit\u00e9e par des baleines gigantesques, des phoques et des selkies. En 2021, j\u2019ai pris mon sac \u00e0 dos, un compagnon de voyage et mon mat\u00e9riel photographique argentique pour v\u00e9rifier cela &hellip; <\/p>\n<p class=\"link-more\"><a href=\"https:\/\/lafillerenne.fr\/blog\/produit\/livre-de-senja-aux-lofoten\/\" class=\"more-link\">Continuer la lecture<span class=\"screen-reader-text\"> de &laquo;&nbsp;Livre De Senja aux Lofoten&nbsp;&raquo;<\/span><\/a><\/p>\n","protected":false},"featured_media":7280,"template":"","meta":[],"product_cat":[45,80],"product_tag":[65,72,62,70],"_links":{"self":[{"href":"https:\/\/lafillerenne.fr\/blog\/wp-json\/wp\/v2\/product\/7322"}],"collection":[{"href":"https:\/\/lafillerenne.fr\/blog\/wp-json\/wp\/v2\/product"}],"about":[{"href":"https:\/\/lafillerenne.fr\/blog\/wp-json\/wp\/v2\/types\/product"}],"wp:featuredmedia":[{"embeddable":true,"href":"https:\/\/lafillerenne.fr\/blog\/wp-json\/wp\/v2\/media\/7280"}],"wp:attachment":[{"href":"https:\/\/lafillerenne.fr\/blog\/wp-json\/wp\/v2\/media?parent=7322"}],"wp:term":[{"taxonomy":"product_cat","embeddable":true,"href":"https:\/\/lafillerenne.fr\/blog\/wp-json\/wp\/v2\/product_cat?post=7322"},{"taxonomy":"product_tag","embeddable":true,"href":"https:\/\/lafillerenne.fr\/blog\/wp-json\/wp\/v2\/product_tag?post=7322"}],"curies":[{"name":"wp","href":"https:\/\/api.w.org\/{rel}","templated":true}]}}