{"id":7346,"date":"2024-03-14T23:13:09","date_gmt":"2024-03-14T22:13:09","guid":{"rendered":"https:\/\/lafillerenne.fr\/blog\/?post_type=product&#038;p=7346"},"modified":"2025-12-23T10:22:09","modified_gmt":"2025-12-23T09:22:09","slug":"sticker-paillette-scarabee-a-cristaux-prevente-3","status":"publish","type":"product","link":"https:\/\/lafillerenne.fr\/blog\/produit\/sticker-paillette-scarabee-a-cristaux-prevente-3\/","title":{"rendered":"Sticker paillettes rorbu"},"content":{"rendered":"<p>Sticker \u00e0 paillettes repr\u00e9sentant un rorbu (cabane de p\u00eache sur pilotis norv\u00e9gienne) avec le reflet d\u2019une aurore bor\u00e9ale.<\/p>\n<p>6 x 4.7 cm<\/p>\n<p>Vinyle, finition glossy<\/p>\n<p>Vendu \u00e0 l&#8217;unit\u00e9<\/p>\n<p>Envoi partout dans le monde. Il est aussi possible de le r\u00e9cup\u00e9rer sans frais d&#8217;envoi \u00e0 la boutique Encre&amp;Cendre (Lyon 1). S\u00e9lectionner &#8220;point de vente&#8221; en m\u00e9thode d&#8217;exp\u00e9dition.<\/p>\n<p>\u2728<\/p>\n<p><em>sticker glitter rorbu cabin Lofoten Arctic Norway<\/em><\/p>\n","protected":false},"excerpt":{"rendered":"<p>Sticker \u00e0 paillettes repr\u00e9sentant un rorbu (cabane de p\u00eache sur pilotis norv\u00e9gienne) avec le reflet d\u2019une aurore bor\u00e9ale. 6 x 4.7 cm Vinyle, finition glossy Vendu \u00e0 l&#8217;unit\u00e9 Envoi partout dans le monde. Il est aussi possible de le r\u00e9cup\u00e9rer sans frais d&#8217;envoi \u00e0 la boutique Encre&amp;Cendre (Lyon 1). S\u00e9lectionner &#8220;point de vente&#8221; en m\u00e9thode &hellip; <\/p>\n<p class=\"link-more\"><a href=\"https:\/\/lafillerenne.fr\/blog\/produit\/sticker-paillette-scarabee-a-cristaux-prevente-3\/\" class=\"more-link\">Continuer la lecture<span class=\"screen-reader-text\"> de &laquo;&nbsp;Sticker paillettes rorbu&nbsp;&raquo;<\/span><\/a><\/p>\n","protected":false},"featured_media":7392,"template":"","meta":[],"product_cat":[57,80],"product_tag":[65,62,63],"_links":{"self":[{"href":"https:\/\/lafillerenne.fr\/blog\/wp-json\/wp\/v2\/product\/7346"}],"collection":[{"href":"https:\/\/lafillerenne.fr\/blog\/wp-json\/wp\/v2\/product"}],"about":[{"href":"https:\/\/lafillerenne.fr\/blog\/wp-json\/wp\/v2\/types\/product"}],"wp:featuredmedia":[{"embeddable":true,"href":"https:\/\/lafillerenne.fr\/blog\/wp-json\/wp\/v2\/media\/7392"}],"wp:attachment":[{"href":"https:\/\/lafillerenne.fr\/blog\/wp-json\/wp\/v2\/media?parent=7346"}],"wp:term":[{"taxonomy":"product_cat","embeddable":true,"href":"https:\/\/lafillerenne.fr\/blog\/wp-json\/wp\/v2\/product_cat?post=7346"},{"taxonomy":"product_tag","embeddable":true,"href":"https:\/\/lafillerenne.fr\/blog\/wp-json\/wp\/v2\/product_tag?post=7346"}],"curies":[{"name":"wp","href":"https:\/\/api.w.org\/{rel}","templated":true}]}}