{"id":7373,"date":"2024-05-02T15:30:22","date_gmt":"2024-05-02T13:30:22","guid":{"rendered":"https:\/\/lafillerenne.fr\/blog\/?post_type=product&#038;p=7373"},"modified":"2025-11-27T21:34:25","modified_gmt":"2025-11-27T20:34:25","slug":"sticker-holographique-aurore-boreale-collection-lofoten","status":"publish","type":"product","link":"https:\/\/lafillerenne.fr\/blog\/produit\/sticker-holographique-aurore-boreale-collection-lofoten\/","title":{"rendered":"Sticker holographique glacier"},"content":{"rendered":"<p>Sticker holographique (avec une finition \u00e9tanche stratifi\u00e9 qui donne un aspect givr\u00e9) repr\u00e9sentant un glacier.<\/p>\n<p>6 cm de diam\u00e8tre<\/p>\n<p>Vinyle, finition glossy givr\u00e9<\/p>\n<p>Vendu \u00e0 l&#8217;unit\u00e9<\/p>\n<p>Envoi partout dans le monde. Il est aussi possible de le r\u00e9cup\u00e9rer sans frais d&#8217;envoi \u00e0 la boutique Encre&amp;Cendre (Lyon 1). S\u00e9lectionner &#8220;point de vente&#8221; en m\u00e9thode d&#8217;exp\u00e9dition.<\/p>\n<p>\u2728<\/p>\n<p><em>stickers holographic lofoten norway scandinavia arctic winter aurora borealis northern lights glacier ice<\/em><\/p>\n","protected":false},"excerpt":{"rendered":"<p>Sticker holographique (avec une finition \u00e9tanche stratifi\u00e9 qui donne un aspect givr\u00e9) repr\u00e9sentant un glacier. 6 cm de diam\u00e8tre Vinyle, finition glossy givr\u00e9 Vendu \u00e0 l&#8217;unit\u00e9 Envoi partout dans le monde. Il est aussi possible de le r\u00e9cup\u00e9rer sans frais d&#8217;envoi \u00e0 la boutique Encre&amp;Cendre (Lyon 1). S\u00e9lectionner &#8220;point de vente&#8221; en m\u00e9thode d&#8217;exp\u00e9dition. \u2728 &hellip; <\/p>\n<p class=\"link-more\"><a href=\"https:\/\/lafillerenne.fr\/blog\/produit\/sticker-holographique-aurore-boreale-collection-lofoten\/\" class=\"more-link\">Continuer la lecture<span class=\"screen-reader-text\"> de &laquo;&nbsp;Sticker holographique glacier&nbsp;&raquo;<\/span><\/a><\/p>\n","protected":false},"featured_media":7411,"template":"","meta":[],"product_cat":[57,80],"product_tag":[65,62,63],"_links":{"self":[{"href":"https:\/\/lafillerenne.fr\/blog\/wp-json\/wp\/v2\/product\/7373"}],"collection":[{"href":"https:\/\/lafillerenne.fr\/blog\/wp-json\/wp\/v2\/product"}],"about":[{"href":"https:\/\/lafillerenne.fr\/blog\/wp-json\/wp\/v2\/types\/product"}],"wp:featuredmedia":[{"embeddable":true,"href":"https:\/\/lafillerenne.fr\/blog\/wp-json\/wp\/v2\/media\/7411"}],"wp:attachment":[{"href":"https:\/\/lafillerenne.fr\/blog\/wp-json\/wp\/v2\/media?parent=7373"}],"wp:term":[{"taxonomy":"product_cat","embeddable":true,"href":"https:\/\/lafillerenne.fr\/blog\/wp-json\/wp\/v2\/product_cat?post=7373"},{"taxonomy":"product_tag","embeddable":true,"href":"https:\/\/lafillerenne.fr\/blog\/wp-json\/wp\/v2\/product_tag?post=7373"}],"curies":[{"name":"wp","href":"https:\/\/api.w.org\/{rel}","templated":true}]}}