{"id":7448,"date":"2024-05-29T15:05:08","date_gmt":"2024-05-29T13:05:08","guid":{"rendered":"https:\/\/lafillerenne.fr\/blog\/?post_type=product&#038;p=7448"},"modified":"2026-03-30T17:42:55","modified_gmt":"2026-03-30T15:42:55","slug":"carte-postale-collection-feroe","status":"publish","type":"product","link":"https:\/\/lafillerenne.fr\/blog\/produit\/carte-postale-collection-feroe\/","title":{"rendered":"Carte postale collection F\u00e9ro\u00e9"},"content":{"rendered":"<p>Carte postale avec une photographie argentique prise aux \u00eeles F\u00e9ro\u00e9, sur l&#8217;\u00eele de V\u00e1gar.<\/p>\n<p>Impression sur papier 400g, fini couch\u00e9 demi-mat, format A6.<\/p>\n<p>Envoi partout dans le monde. Il est aussi possible de le r\u00e9cup\u00e9rer sans frais d&#8217;envoi \u00e0 la boutique Encre&amp;Cendre (Lyon 1). S\u00e9lectionner &#8220;point de vente&#8221; en m\u00e9thode d&#8217;exp\u00e9dition.<\/p>\n<p>\u2728<br \/>\n<em>print<\/em> <em>postcard faroe islands scandinavia arctic winter<br \/>\n<\/em><\/p>\n","protected":false},"excerpt":{"rendered":"<p>Carte postale avec une photographie argentique prise aux \u00eeles F\u00e9ro\u00e9, sur l&#8217;\u00eele de V\u00e1gar. Impression sur papier 400g, fini couch\u00e9 demi-mat, format A6. Envoi partout dans le monde. Il est aussi possible de le r\u00e9cup\u00e9rer sans frais d&#8217;envoi \u00e0 la boutique Encre&amp;Cendre (Lyon 1). S\u00e9lectionner &#8220;point de vente&#8221; en m\u00e9thode d&#8217;exp\u00e9dition. \u2728 print postcard faroe &hellip; <\/p>\n<p class=\"link-more\"><a href=\"https:\/\/lafillerenne.fr\/blog\/produit\/carte-postale-collection-feroe\/\" class=\"more-link\">Continuer la lecture<span class=\"screen-reader-text\"> de &laquo;&nbsp;Carte postale collection F\u00e9ro\u00e9&nbsp;&raquo;<\/span><\/a><\/p>\n","protected":false},"featured_media":7243,"template":"","meta":[],"product_cat":[59,79],"product_tag":[65,66,74,70],"_links":{"self":[{"href":"https:\/\/lafillerenne.fr\/blog\/wp-json\/wp\/v2\/product\/7448"}],"collection":[{"href":"https:\/\/lafillerenne.fr\/blog\/wp-json\/wp\/v2\/product"}],"about":[{"href":"https:\/\/lafillerenne.fr\/blog\/wp-json\/wp\/v2\/types\/product"}],"wp:featuredmedia":[{"embeddable":true,"href":"https:\/\/lafillerenne.fr\/blog\/wp-json\/wp\/v2\/media\/7243"}],"wp:attachment":[{"href":"https:\/\/lafillerenne.fr\/blog\/wp-json\/wp\/v2\/media?parent=7448"}],"wp:term":[{"taxonomy":"product_cat","embeddable":true,"href":"https:\/\/lafillerenne.fr\/blog\/wp-json\/wp\/v2\/product_cat?post=7448"},{"taxonomy":"product_tag","embeddable":true,"href":"https:\/\/lafillerenne.fr\/blog\/wp-json\/wp\/v2\/product_tag?post=7448"}],"curies":[{"name":"wp","href":"https:\/\/api.w.org\/{rel}","templated":true}]}}