{"id":7449,"date":"2024-05-29T15:06:16","date_gmt":"2024-05-29T13:06:16","guid":{"rendered":"https:\/\/lafillerenne.fr\/blog\/?post_type=product&#038;p=7449"},"modified":"2025-12-13T12:41:17","modified_gmt":"2025-12-13T11:41:17","slug":"print-faroe-wildlife-collection-feroe","status":"publish","type":"product","link":"https:\/\/lafillerenne.fr\/blog\/produit\/print-faroe-wildlife-collection-feroe\/","title":{"rendered":"Print Faroe Wildlife, collection F\u00e9ro\u00e9"},"content":{"rendered":"<p>Print sur la vie sauvage de l&#8217;archipel des F\u00e9ro\u00e9.<\/p>\n<p>Impression sign\u00e9e, sur papier 250g, fini couch\u00e9 demi-mat, format A4.<br \/>\nL&#8217;original a \u00e9t\u00e9 r\u00e9alis\u00e9 \u00e0 la main, aux feutres.<\/p>\n<p>Envoi partout dans le monde. Il est aussi possible de le r\u00e9cup\u00e9rer sans frais d&#8217;envoi \u00e0 la boutique Encre&amp;Cendre (Lyon 1). S\u00e9lectionner &#8220;point de vente&#8221; en m\u00e9thode d&#8217;exp\u00e9dition.<\/p>\n<p>\u2728<br \/>\n<em>print wildlife animal bones science faroe islands norway scandinavia arctic winter whale puffin sheep<br \/>\n<\/em><\/p>\n","protected":false},"excerpt":{"rendered":"<p>Print sur la vie sauvage de l&#8217;archipel des F\u00e9ro\u00e9. Impression sign\u00e9e, sur papier 250g, fini couch\u00e9 demi-mat, format A4. L&#8217;original a \u00e9t\u00e9 r\u00e9alis\u00e9 \u00e0 la main, aux feutres. Envoi partout dans le monde. Il est aussi possible de le r\u00e9cup\u00e9rer sans frais d&#8217;envoi \u00e0 la boutique Encre&amp;Cendre (Lyon 1). S\u00e9lectionner &#8220;point de vente&#8221; en m\u00e9thode &hellip; <\/p>\n<p class=\"link-more\"><a href=\"https:\/\/lafillerenne.fr\/blog\/produit\/print-faroe-wildlife-collection-feroe\/\" class=\"more-link\">Continuer la lecture<span class=\"screen-reader-text\"> de &laquo;&nbsp;Print Faroe Wildlife, collection F\u00e9ro\u00e9&nbsp;&raquo;<\/span><\/a><\/p>\n","protected":false},"featured_media":7438,"template":"","meta":[],"product_cat":[46,79],"product_tag":[65,74,67],"_links":{"self":[{"href":"https:\/\/lafillerenne.fr\/blog\/wp-json\/wp\/v2\/product\/7449"}],"collection":[{"href":"https:\/\/lafillerenne.fr\/blog\/wp-json\/wp\/v2\/product"}],"about":[{"href":"https:\/\/lafillerenne.fr\/blog\/wp-json\/wp\/v2\/types\/product"}],"wp:featuredmedia":[{"embeddable":true,"href":"https:\/\/lafillerenne.fr\/blog\/wp-json\/wp\/v2\/media\/7438"}],"wp:attachment":[{"href":"https:\/\/lafillerenne.fr\/blog\/wp-json\/wp\/v2\/media?parent=7449"}],"wp:term":[{"taxonomy":"product_cat","embeddable":true,"href":"https:\/\/lafillerenne.fr\/blog\/wp-json\/wp\/v2\/product_cat?post=7449"},{"taxonomy":"product_tag","embeddable":true,"href":"https:\/\/lafillerenne.fr\/blog\/wp-json\/wp\/v2\/product_tag?post=7449"}],"curies":[{"name":"wp","href":"https:\/\/api.w.org\/{rel}","templated":true}]}}