{"id":7454,"date":"2024-05-29T15:21:40","date_gmt":"2024-05-29T13:21:40","guid":{"rendered":"https:\/\/lafillerenne.fr\/blog\/?post_type=product&#038;p=7454"},"modified":"2025-12-08T12:59:26","modified_gmt":"2025-12-08T11:59:26","slug":"pins-maison-feroienne-collection-feroe","status":"publish","type":"product","link":"https:\/\/lafillerenne.fr\/blog\/produit\/pins-maison-feroienne-collection-feroe\/","title":{"rendered":"Pin&#8217;s maison f\u00e9ro\u00efenne, collection F\u00e9ro\u00e9"},"content":{"rendered":"<p>Pin&#8217;s repr\u00e9sentant une maison traditionnelle des \u00eeles F\u00e9ro\u00e9, avec murs en bois noir et toit en tourbe.<br \/>\nBois d&#8217;\u00e9rable (bois issu de for\u00eats g\u00e9r\u00e9es respectueusement de l&#8217;environnement) vernis.<\/p>\n<p>4 x 3,2 cm<br \/>\nAttache noire en caoutchouc au dos.<\/p>\n<p>Envoi partout dans le monde. Il est aussi possible de le r\u00e9cup\u00e9rer sans frais d&#8217;envoi \u00e0 la boutique Encre&amp;Cendre (Lyon 1). S\u00e9lectionner &#8220;point de vente&#8221; en m\u00e9thode d&#8217;exp\u00e9dition.<\/p>\n<p>\u2728<br \/>\n<em>pin faroe islands scandinavia arctic winter wood house traditional<br \/>\n<\/em><\/p>\n","protected":false},"excerpt":{"rendered":"<p>Pin&#8217;s repr\u00e9sentant une maison traditionnelle des \u00eeles F\u00e9ro\u00e9, avec murs en bois noir et toit en tourbe. Bois d&#8217;\u00e9rable (bois issu de for\u00eats g\u00e9r\u00e9es respectueusement de l&#8217;environnement) vernis. 4 x 3,2 cm Attache noire en caoutchouc au dos. Envoi partout dans le monde. Il est aussi possible de le r\u00e9cup\u00e9rer sans frais d&#8217;envoi \u00e0 la &hellip; <\/p>\n<p class=\"link-more\"><a href=\"https:\/\/lafillerenne.fr\/blog\/produit\/pins-maison-feroienne-collection-feroe\/\" class=\"more-link\">Continuer la lecture<span class=\"screen-reader-text\"> de &laquo;&nbsp;Pin&#8217;s maison f\u00e9ro\u00efenne, collection F\u00e9ro\u00e9&nbsp;&raquo;<\/span><\/a><\/p>\n","protected":false},"featured_media":7426,"template":"","meta":[],"product_cat":[55,79],"product_tag":[65,74,64],"_links":{"self":[{"href":"https:\/\/lafillerenne.fr\/blog\/wp-json\/wp\/v2\/product\/7454"}],"collection":[{"href":"https:\/\/lafillerenne.fr\/blog\/wp-json\/wp\/v2\/product"}],"about":[{"href":"https:\/\/lafillerenne.fr\/blog\/wp-json\/wp\/v2\/types\/product"}],"wp:featuredmedia":[{"embeddable":true,"href":"https:\/\/lafillerenne.fr\/blog\/wp-json\/wp\/v2\/media\/7426"}],"wp:attachment":[{"href":"https:\/\/lafillerenne.fr\/blog\/wp-json\/wp\/v2\/media?parent=7454"}],"wp:term":[{"taxonomy":"product_cat","embeddable":true,"href":"https:\/\/lafillerenne.fr\/blog\/wp-json\/wp\/v2\/product_cat?post=7454"},{"taxonomy":"product_tag","embeddable":true,"href":"https:\/\/lafillerenne.fr\/blog\/wp-json\/wp\/v2\/product_tag?post=7454"}],"curies":[{"name":"wp","href":"https:\/\/api.w.org\/{rel}","templated":true}]}}