{"id":7456,"date":"2024-05-29T15:26:33","date_gmt":"2024-05-29T13:26:33","guid":{"rendered":"https:\/\/lafillerenne.fr\/blog\/?post_type=product&#038;p=7456"},"modified":"2026-02-16T14:11:13","modified_gmt":"2026-02-16T13:11:13","slug":"pins-mouton-collection-feroe","status":"publish","type":"product","link":"https:\/\/lafillerenne.fr\/blog\/produit\/pins-mouton-collection-feroe\/","title":{"rendered":"Pin&#8217;s mouton, collection F\u00e9ro\u00e9"},"content":{"rendered":"<p>Pin&#8217;s repr\u00e9sentant un cr\u00e2ne de mouton f\u00e9ro\u00efen.<br \/>\nBois d&#8217;\u00e9rable (bois issu de for\u00eats g\u00e9r\u00e9es respectueusement de l&#8217;environnement) vernis.<\/p>\n<p>4 x 2,3 cm<br \/>\nAttache noire en caoutchouc au dos.<\/p>\n<p>Envoi partout dans le monde. Il est aussi possible de le r\u00e9cup\u00e9rer sans frais d&#8217;envoi \u00e0 la boutique Encre&amp;Cendre (Lyon 1). S\u00e9lectionner &#8220;point de vente&#8221; en m\u00e9thode d&#8217;exp\u00e9dition.<\/p>\n<p>\u2728<br \/>\n<em>pin faroe islands scandinavia arctic winter wood sheep skull<br \/>\n<\/em><\/p>\n","protected":false},"excerpt":{"rendered":"<p>Pin&#8217;s repr\u00e9sentant un cr\u00e2ne de mouton f\u00e9ro\u00efen. Bois d&#8217;\u00e9rable (bois issu de for\u00eats g\u00e9r\u00e9es respectueusement de l&#8217;environnement) vernis. 4 x 2,3 cm Attache noire en caoutchouc au dos. Envoi partout dans le monde. Il est aussi possible de le r\u00e9cup\u00e9rer sans frais d&#8217;envoi \u00e0 la boutique Encre&amp;Cendre (Lyon 1). S\u00e9lectionner &#8220;point de vente&#8221; en m\u00e9thode &hellip; <\/p>\n<p class=\"link-more\"><a href=\"https:\/\/lafillerenne.fr\/blog\/produit\/pins-mouton-collection-feroe\/\" class=\"more-link\">Continuer la lecture<span class=\"screen-reader-text\"> de &laquo;&nbsp;Pin&#8217;s mouton, collection F\u00e9ro\u00e9&nbsp;&raquo;<\/span><\/a><\/p>\n","protected":false},"featured_media":7428,"template":"","meta":[],"product_cat":[55,79],"product_tag":[65,74,64],"_links":{"self":[{"href":"https:\/\/lafillerenne.fr\/blog\/wp-json\/wp\/v2\/product\/7456"}],"collection":[{"href":"https:\/\/lafillerenne.fr\/blog\/wp-json\/wp\/v2\/product"}],"about":[{"href":"https:\/\/lafillerenne.fr\/blog\/wp-json\/wp\/v2\/types\/product"}],"wp:featuredmedia":[{"embeddable":true,"href":"https:\/\/lafillerenne.fr\/blog\/wp-json\/wp\/v2\/media\/7428"}],"wp:attachment":[{"href":"https:\/\/lafillerenne.fr\/blog\/wp-json\/wp\/v2\/media?parent=7456"}],"wp:term":[{"taxonomy":"product_cat","embeddable":true,"href":"https:\/\/lafillerenne.fr\/blog\/wp-json\/wp\/v2\/product_cat?post=7456"},{"taxonomy":"product_tag","embeddable":true,"href":"https:\/\/lafillerenne.fr\/blog\/wp-json\/wp\/v2\/product_tag?post=7456"}],"curies":[{"name":"wp","href":"https:\/\/api.w.org\/{rel}","templated":true}]}}