{"id":7459,"date":"2024-05-29T15:38:29","date_gmt":"2024-05-29T13:38:29","guid":{"rendered":"https:\/\/lafillerenne.fr\/blog\/?post_type=product&#038;p=7459"},"modified":"2025-09-23T12:48:46","modified_gmt":"2025-09-23T10:48:46","slug":"boucles-doreille-macareux-moine-collection-feroe","status":"publish","type":"product","link":"https:\/\/lafillerenne.fr\/blog\/produit\/boucles-doreille-macareux-moine-collection-feroe\/","title":{"rendered":"Boucles d&#8217;oreille macareux moine, collection F\u00e9ro\u00e9"},"content":{"rendered":"<p>Paire de boucles d&#8217;oreille repr\u00e9sentant des macareux moines (<em>Fratercula arctica<\/em>). Les parties internes sont \u00e9vid\u00e9es.<\/p>\n<p>Pendentif de 5 cm en acier inoxydable hypoallerg\u00e9nique, design\u00e9 par mes soins. L&#8217;acier est recyclable et fait en partie de mat\u00e9riel recycl\u00e9.<\/p>\n<p>Anneaux en acier inoxydable.<\/p>\n<p>Attention, elles ne sont pas tr\u00e8s l\u00e9g\u00e8res (7g).<\/p>\n<p>Envoi partout dans le monde. Il est aussi possible de le r\u00e9cup\u00e9rer sans frais d&#8217;envoi \u00e0 la boutique Encre&amp;Cendre (Lyon 1). S\u00e9lectionner &#8220;point de vente&#8221; en m\u00e9thode d&#8217;exp\u00e9dition.<\/p>\n<p>\u2728<\/p>\n<p><em>earrings faroe islands scandinavia arctic winter puffin<\/em><\/p>\n","protected":false},"excerpt":{"rendered":"<p>Paire de boucles d&#8217;oreille repr\u00e9sentant des macareux moines (Fratercula arctica). Les parties internes sont \u00e9vid\u00e9es. Pendentif de 5 cm en acier inoxydable hypoallerg\u00e9nique, design\u00e9 par mes soins. L&#8217;acier est recyclable et fait en partie de mat\u00e9riel recycl\u00e9. Anneaux en acier inoxydable. Attention, elles ne sont pas tr\u00e8s l\u00e9g\u00e8res (7g). Envoi partout dans le monde. Il &hellip; <\/p>\n<p class=\"link-more\"><a href=\"https:\/\/lafillerenne.fr\/blog\/produit\/boucles-doreille-macareux-moine-collection-feroe\/\" class=\"more-link\">Continuer la lecture<span class=\"screen-reader-text\"> de &laquo;&nbsp;Boucles d&#8217;oreille macareux moine, collection F\u00e9ro\u00e9&nbsp;&raquo;<\/span><\/a><\/p>\n","protected":false},"featured_media":7464,"template":"","meta":[],"product_cat":[77,79,80,81],"product_tag":[65,60,74],"_links":{"self":[{"href":"https:\/\/lafillerenne.fr\/blog\/wp-json\/wp\/v2\/product\/7459"}],"collection":[{"href":"https:\/\/lafillerenne.fr\/blog\/wp-json\/wp\/v2\/product"}],"about":[{"href":"https:\/\/lafillerenne.fr\/blog\/wp-json\/wp\/v2\/types\/product"}],"wp:featuredmedia":[{"embeddable":true,"href":"https:\/\/lafillerenne.fr\/blog\/wp-json\/wp\/v2\/media\/7464"}],"wp:attachment":[{"href":"https:\/\/lafillerenne.fr\/blog\/wp-json\/wp\/v2\/media?parent=7459"}],"wp:term":[{"taxonomy":"product_cat","embeddable":true,"href":"https:\/\/lafillerenne.fr\/blog\/wp-json\/wp\/v2\/product_cat?post=7459"},{"taxonomy":"product_tag","embeddable":true,"href":"https:\/\/lafillerenne.fr\/blog\/wp-json\/wp\/v2\/product_tag?post=7459"}],"curies":[{"name":"wp","href":"https:\/\/api.w.org\/{rel}","templated":true}]}}