{"id":7477,"date":"2024-06-06T09:45:58","date_gmt":"2024-06-06T07:45:58","guid":{"rendered":"https:\/\/lafillerenne.fr\/blog\/?post_type=product&#038;p=7477"},"modified":"2026-02-16T14:11:30","modified_gmt":"2026-02-16T13:11:30","slug":"pins-senja","status":"publish","type":"product","link":"https:\/\/lafillerenne.fr\/blog\/produit\/pins-senja\/","title":{"rendered":"Pin&#8217;s Senja"},"content":{"rendered":"<p>Pin&#8217;s illustrant une anecdote du livre <a href=\"https:\/\/lafillerenne.fr\/blog\/produit\/livre-de-senja-aux-lofoten\/\">De Senja aux Lofoten<\/a>. On peut y voir un squelette de phoque, sa fourrure, un bois de renne, de l&#8217;algue, ainsi que d&#8217;autres petits \u00e9l\u00e9ments.<br \/>\nIl illustre la d\u00e9couverte d&#8217;un squelette de phoque r\u00e9cent sur un site arch\u00e9ologique de Sami \u00e9leveureuses de rennes, sur l&#8217;\u00eele de Senja, en Norv\u00e8ge.<\/p>\n<p>M\u00e9tal argent\u00e9 \u00e9maill\u00e9 (hard enamel).<br \/>\n5,3 x 5,6 cm<br \/>\nDeux attaches noires en caoutchouc au dos.<\/p>\n<p>Envoi partout dans le monde. Il est aussi possible de le r\u00e9cup\u00e9rer sans frais d&#8217;envoi \u00e0 la boutique Encre&amp;Cendre (Lyon 1). S\u00e9lectionner &#8220;point de vente&#8221; en m\u00e9thode d&#8217;exp\u00e9dition.<\/p>\n<p>\u2728<br \/>\n<em>pin senja norway scandinavia arctic winter seal skeleton bones reindeer antler<br \/>\n<\/em><\/p>\n","protected":false},"excerpt":{"rendered":"<p>Pin&#8217;s illustrant une anecdote du livre De Senja aux Lofoten. On peut y voir un squelette de phoque, sa fourrure, un bois de renne, de l&#8217;algue, ainsi que d&#8217;autres petits \u00e9l\u00e9ments. Il illustre la d\u00e9couverte d&#8217;un squelette de phoque r\u00e9cent sur un site arch\u00e9ologique de Sami \u00e9leveureuses de rennes, sur l&#8217;\u00eele de Senja, en Norv\u00e8ge. &hellip; <\/p>\n<p class=\"link-more\"><a href=\"https:\/\/lafillerenne.fr\/blog\/produit\/pins-senja\/\" class=\"more-link\">Continuer la lecture<span class=\"screen-reader-text\"> de &laquo;&nbsp;Pin&#8217;s Senja&nbsp;&raquo;<\/span><\/a><\/p>\n","protected":false},"featured_media":7481,"template":"","meta":[],"product_cat":[55,80],"product_tag":[65,62,64],"_links":{"self":[{"href":"https:\/\/lafillerenne.fr\/blog\/wp-json\/wp\/v2\/product\/7477"}],"collection":[{"href":"https:\/\/lafillerenne.fr\/blog\/wp-json\/wp\/v2\/product"}],"about":[{"href":"https:\/\/lafillerenne.fr\/blog\/wp-json\/wp\/v2\/types\/product"}],"wp:featuredmedia":[{"embeddable":true,"href":"https:\/\/lafillerenne.fr\/blog\/wp-json\/wp\/v2\/media\/7481"}],"wp:attachment":[{"href":"https:\/\/lafillerenne.fr\/blog\/wp-json\/wp\/v2\/media?parent=7477"}],"wp:term":[{"taxonomy":"product_cat","embeddable":true,"href":"https:\/\/lafillerenne.fr\/blog\/wp-json\/wp\/v2\/product_cat?post=7477"},{"taxonomy":"product_tag","embeddable":true,"href":"https:\/\/lafillerenne.fr\/blog\/wp-json\/wp\/v2\/product_tag?post=7477"}],"curies":[{"name":"wp","href":"https:\/\/api.w.org\/{rel}","templated":true}]}}