{"id":7541,"date":"2024-10-02T18:56:53","date_gmt":"2024-10-02T16:56:53","guid":{"rendered":"https:\/\/lafillerenne.fr\/blog\/?post_type=product&#038;p=7541"},"modified":"2025-12-23T10:23:21","modified_gmt":"2025-12-23T09:23:21","slug":"sticker-holographique-senja","status":"publish","type":"product","link":"https:\/\/lafillerenne.fr\/blog\/produit\/sticker-holographique-senja\/","title":{"rendered":"Sticker holographique Senja"},"content":{"rendered":"<p>Sticker holographique illustrant une anecdote du livre <a href=\"https:\/\/lafillerenne.fr\/blog\/produit\/livre-de-senja-aux-lofoten\/\">De Senja aux Lofoten<\/a>. On peut y voir un squelette de phoque, sa fourrure, un bois de renne, de l\u2019algue, ainsi que d\u2019autres petits \u00e9l\u00e9ments.<br \/>\nIl illustre la d\u00e9couverte d\u2019un squelette de phoque r\u00e9cent sur un site arch\u00e9ologique de Sami \u00e9leveureuses de rennes, sur l\u2019\u00eele de Senja, en Norv\u00e8ge.<\/p>\n<p>6 x 6.2 cm<br \/>\nVinyle, finition glossy<\/p>\n<p>Vendu \u00e0 l&#8217;unit\u00e9<\/p>\n<p>Envoi partout dans le monde. Il est aussi possible de le r\u00e9cup\u00e9rer sans frais d&#8217;envoi \u00e0 la boutique Encre&amp;Cendre (Lyon 1). S\u00e9lectionner &#8220;point de vente&#8221; en m\u00e9thode d&#8217;exp\u00e9dition.<\/p>\n<p>\u2728<br \/>\n<em>stickers holographic senja norway scandinavia arctic winter seal skeleton bones reindeer antler<br \/>\n<\/em><\/p>\n","protected":false},"excerpt":{"rendered":"<p>Sticker holographique illustrant une anecdote du livre De Senja aux Lofoten. On peut y voir un squelette de phoque, sa fourrure, un bois de renne, de l\u2019algue, ainsi que d\u2019autres petits \u00e9l\u00e9ments. Il illustre la d\u00e9couverte d\u2019un squelette de phoque r\u00e9cent sur un site arch\u00e9ologique de Sami \u00e9leveureuses de rennes, sur l\u2019\u00eele de Senja, en &hellip; <\/p>\n<p class=\"link-more\"><a href=\"https:\/\/lafillerenne.fr\/blog\/produit\/sticker-holographique-senja\/\" class=\"more-link\">Continuer la lecture<span class=\"screen-reader-text\"> de &laquo;&nbsp;Sticker holographique Senja&nbsp;&raquo;<\/span><\/a><\/p>\n","protected":false},"featured_media":7550,"template":"","meta":[],"product_cat":[57,80],"product_tag":[65,62,63],"_links":{"self":[{"href":"https:\/\/lafillerenne.fr\/blog\/wp-json\/wp\/v2\/product\/7541"}],"collection":[{"href":"https:\/\/lafillerenne.fr\/blog\/wp-json\/wp\/v2\/product"}],"about":[{"href":"https:\/\/lafillerenne.fr\/blog\/wp-json\/wp\/v2\/types\/product"}],"wp:featuredmedia":[{"embeddable":true,"href":"https:\/\/lafillerenne.fr\/blog\/wp-json\/wp\/v2\/media\/7550"}],"wp:attachment":[{"href":"https:\/\/lafillerenne.fr\/blog\/wp-json\/wp\/v2\/media?parent=7541"}],"wp:term":[{"taxonomy":"product_cat","embeddable":true,"href":"https:\/\/lafillerenne.fr\/blog\/wp-json\/wp\/v2\/product_cat?post=7541"},{"taxonomy":"product_tag","embeddable":true,"href":"https:\/\/lafillerenne.fr\/blog\/wp-json\/wp\/v2\/product_tag?post=7541"}],"curies":[{"name":"wp","href":"https:\/\/api.w.org\/{rel}","templated":true}]}}