{"id":7557,"date":"2024-10-02T19:14:09","date_gmt":"2024-10-02T17:14:09","guid":{"rendered":"https:\/\/lafillerenne.fr\/blog\/?post_type=product&#038;p=7557"},"modified":"2026-03-30T17:44:02","modified_gmt":"2026-03-30T15:44:02","slug":"sticker-paillettes-chauve-souris-blanche","status":"publish","type":"product","link":"https:\/\/lafillerenne.fr\/blog\/produit\/sticker-paillettes-chauve-souris-blanche\/","title":{"rendered":"Sticker paillettes chauve-souris blanche (d\u00e9faut)"},"content":{"rendered":"<p>Sticker \u00e0 paillette repr\u00e9sentant une chauve-souris blanche (<em>Ectophylla alba<\/em>).<br \/>\nD\u00e9faut : les contours du motif sont gris clair au lieu d&#8217;\u00eatre noir.<\/p>\n<p>5.6 x 5.1 cm<\/p>\n<p>Vinyle, finition glossy<\/p>\n<p>Vendu \u00e0 l&#8217;unit\u00e9<\/p>\n<p>Envoi partout dans le monde. Il est aussi possible de le r\u00e9cup\u00e9rer sans frais d&#8217;envoi \u00e0 la boutique Encre&amp;Cendre (Lyon 1). S\u00e9lectionner &#8220;point de vente&#8221; en m\u00e9thode d&#8217;exp\u00e9dition.<\/p>\n<p>\u2728<\/p>\n<p><em>sticker glitter white bat<\/em><\/p>\n","protected":false},"excerpt":{"rendered":"<p>Sticker \u00e0 paillette repr\u00e9sentant une chauve-souris blanche (Ectophylla alba). D\u00e9faut : les contours du motif sont gris clair au lieu d&#8217;\u00eatre noir. 5.6 x 5.1 cm Vinyle, finition glossy Vendu \u00e0 l&#8217;unit\u00e9 Envoi partout dans le monde. Il est aussi possible de le r\u00e9cup\u00e9rer sans frais d&#8217;envoi \u00e0 la boutique Encre&amp;Cendre (Lyon 1). S\u00e9lectionner &#8220;point &hellip; <\/p>\n<p class=\"link-more\"><a href=\"https:\/\/lafillerenne.fr\/blog\/produit\/sticker-paillettes-chauve-souris-blanche\/\" class=\"more-link\">Continuer la lecture<span class=\"screen-reader-text\"> de &laquo;&nbsp;Sticker paillettes chauve-souris blanche (d\u00e9faut)&nbsp;&raquo;<\/span><\/a><\/p>\n","protected":false},"featured_media":7553,"template":"","meta":[],"product_cat":[57,83],"product_tag":[63],"_links":{"self":[{"href":"https:\/\/lafillerenne.fr\/blog\/wp-json\/wp\/v2\/product\/7557"}],"collection":[{"href":"https:\/\/lafillerenne.fr\/blog\/wp-json\/wp\/v2\/product"}],"about":[{"href":"https:\/\/lafillerenne.fr\/blog\/wp-json\/wp\/v2\/types\/product"}],"wp:featuredmedia":[{"embeddable":true,"href":"https:\/\/lafillerenne.fr\/blog\/wp-json\/wp\/v2\/media\/7553"}],"wp:attachment":[{"href":"https:\/\/lafillerenne.fr\/blog\/wp-json\/wp\/v2\/media?parent=7557"}],"wp:term":[{"taxonomy":"product_cat","embeddable":true,"href":"https:\/\/lafillerenne.fr\/blog\/wp-json\/wp\/v2\/product_cat?post=7557"},{"taxonomy":"product_tag","embeddable":true,"href":"https:\/\/lafillerenne.fr\/blog\/wp-json\/wp\/v2\/product_tag?post=7557"}],"curies":[{"name":"wp","href":"https:\/\/api.w.org\/{rel}","templated":true}]}}