{"id":7561,"date":"2024-10-02T19:29:12","date_gmt":"2024-10-02T17:29:12","guid":{"rendered":"https:\/\/lafillerenne.fr\/blog\/?post_type=product&#038;p=7561"},"modified":"2026-03-30T17:43:52","modified_gmt":"2026-03-30T15:43:52","slug":"sticker-holographique-sardine","status":"publish","type":"product","link":"https:\/\/lafillerenne.fr\/blog\/produit\/sticker-holographique-sardine\/","title":{"rendered":"Sticker holographique sardine"},"content":{"rendered":"<p>Sticker holographique avec une demi sardine (<em>Sardina pilchardus<\/em>) et des cordyceps (parasites).<\/p>\n<p>7.2 x 2.7 cm<br \/>\nVinyle, finition glossy<\/p>\n<p>Vendu \u00e0 l&#8217;unit\u00e9<\/p>\n<p>Envoi partout dans le monde. Il est aussi possible de le r\u00e9cup\u00e9rer sans frais d&#8217;envoi \u00e0 la boutique Encre&amp;Cendre (Lyon 1). S\u00e9lectionner &#8220;point de vente&#8221; en m\u00e9thode d&#8217;exp\u00e9dition.<\/p>\n<p>\u2728<br \/>\n<em>stickers holographic cordyceps parasite fish european pilchard<br \/>\n<\/em><\/p>\n","protected":false},"excerpt":{"rendered":"<p>Sticker holographique avec une demi sardine (Sardina pilchardus) et des cordyceps (parasites). 7.2 x 2.7 cm Vinyle, finition glossy Vendu \u00e0 l&#8217;unit\u00e9 Envoi partout dans le monde. Il est aussi possible de le r\u00e9cup\u00e9rer sans frais d&#8217;envoi \u00e0 la boutique Encre&amp;Cendre (Lyon 1). S\u00e9lectionner &#8220;point de vente&#8221; en m\u00e9thode d&#8217;exp\u00e9dition. \u2728 stickers holographic cordyceps parasite &hellip; <\/p>\n<p class=\"link-more\"><a href=\"https:\/\/lafillerenne.fr\/blog\/produit\/sticker-holographique-sardine\/\" class=\"more-link\">Continuer la lecture<span class=\"screen-reader-text\"> de &laquo;&nbsp;Sticker holographique sardine&nbsp;&raquo;<\/span><\/a><\/p>\n","protected":false},"featured_media":7546,"template":"","meta":[],"product_cat":[57,79,80,81],"product_tag":[63],"_links":{"self":[{"href":"https:\/\/lafillerenne.fr\/blog\/wp-json\/wp\/v2\/product\/7561"}],"collection":[{"href":"https:\/\/lafillerenne.fr\/blog\/wp-json\/wp\/v2\/product"}],"about":[{"href":"https:\/\/lafillerenne.fr\/blog\/wp-json\/wp\/v2\/types\/product"}],"wp:featuredmedia":[{"embeddable":true,"href":"https:\/\/lafillerenne.fr\/blog\/wp-json\/wp\/v2\/media\/7546"}],"wp:attachment":[{"href":"https:\/\/lafillerenne.fr\/blog\/wp-json\/wp\/v2\/media?parent=7561"}],"wp:term":[{"taxonomy":"product_cat","embeddable":true,"href":"https:\/\/lafillerenne.fr\/blog\/wp-json\/wp\/v2\/product_cat?post=7561"},{"taxonomy":"product_tag","embeddable":true,"href":"https:\/\/lafillerenne.fr\/blog\/wp-json\/wp\/v2\/product_tag?post=7561"}],"curies":[{"name":"wp","href":"https:\/\/api.w.org\/{rel}","templated":true}]}}