{"id":7573,"date":"2024-10-02T19:46:39","date_gmt":"2024-10-02T17:46:39","guid":{"rendered":"https:\/\/lafillerenne.fr\/blog\/?post_type=product&#038;p=7573"},"modified":"2026-02-16T14:08:16","modified_gmt":"2026-02-16T13:08:16","slug":"sticker-paillettes-ciel-bisexuel","status":"publish","type":"product","link":"https:\/\/lafillerenne.fr\/blog\/produit\/sticker-paillettes-ciel-bisexuel\/","title":{"rendered":"Sticker paillettes ciel bisexuel"},"content":{"rendered":"<p>Sticker \u00e0 paillette repr\u00e9sentant un ciel avec les couleurs du drapeau bisexuel.<\/p>\n<p>4 cm de diam\u00e8tre<\/p>\n<p>Vinyle, finition glossy<\/p>\n<p>Vendu \u00e0 l&#8217;unit\u00e9<\/p>\n<p>Envoi partout dans le monde. Il est aussi possible de le r\u00e9cup\u00e9rer sans frais d&#8217;envoi \u00e0 la boutique Encre&amp;Cendre (Lyon 1). S\u00e9lectionner &#8220;point de vente&#8221; en m\u00e9thode d&#8217;exp\u00e9dition.<\/p>\n<p>\u2728<\/p>\n<p><em>sticker glitter flag pride queer bi bisexual pansexual pan lgbtqia+<br \/>\n<\/em><\/p>\n","protected":false},"excerpt":{"rendered":"<p>Sticker \u00e0 paillette repr\u00e9sentant un ciel avec les couleurs du drapeau bisexuel. 4 cm de diam\u00e8tre Vinyle, finition glossy Vendu \u00e0 l&#8217;unit\u00e9 Envoi partout dans le monde. Il est aussi possible de le r\u00e9cup\u00e9rer sans frais d&#8217;envoi \u00e0 la boutique Encre&amp;Cendre (Lyon 1). S\u00e9lectionner &#8220;point de vente&#8221; en m\u00e9thode d&#8217;exp\u00e9dition. \u2728 sticker glitter flag pride &hellip; <\/p>\n<p class=\"link-more\"><a href=\"https:\/\/lafillerenne.fr\/blog\/produit\/sticker-paillettes-ciel-bisexuel\/\" class=\"more-link\">Continuer la lecture<span class=\"screen-reader-text\"> de &laquo;&nbsp;Sticker paillettes ciel bisexuel&nbsp;&raquo;<\/span><\/a><\/p>\n","protected":false},"featured_media":7575,"template":"","meta":[],"product_cat":[57,82],"product_tag":[63],"_links":{"self":[{"href":"https:\/\/lafillerenne.fr\/blog\/wp-json\/wp\/v2\/product\/7573"}],"collection":[{"href":"https:\/\/lafillerenne.fr\/blog\/wp-json\/wp\/v2\/product"}],"about":[{"href":"https:\/\/lafillerenne.fr\/blog\/wp-json\/wp\/v2\/types\/product"}],"wp:featuredmedia":[{"embeddable":true,"href":"https:\/\/lafillerenne.fr\/blog\/wp-json\/wp\/v2\/media\/7575"}],"wp:attachment":[{"href":"https:\/\/lafillerenne.fr\/blog\/wp-json\/wp\/v2\/media?parent=7573"}],"wp:term":[{"taxonomy":"product_cat","embeddable":true,"href":"https:\/\/lafillerenne.fr\/blog\/wp-json\/wp\/v2\/product_cat?post=7573"},{"taxonomy":"product_tag","embeddable":true,"href":"https:\/\/lafillerenne.fr\/blog\/wp-json\/wp\/v2\/product_tag?post=7573"}],"curies":[{"name":"wp","href":"https:\/\/api.w.org\/{rel}","templated":true}]}}