{"id":7582,"date":"2024-10-04T11:56:37","date_gmt":"2024-10-04T09:56:37","guid":{"rendered":"https:\/\/lafillerenne.fr\/blog\/?post_type=product&#038;p=7582"},"modified":"2026-02-16T14:11:02","modified_gmt":"2026-02-16T13:11:02","slug":"pins-ciel-transgenre","status":"publish","type":"product","link":"https:\/\/lafillerenne.fr\/blog\/produit\/pins-ciel-transgenre\/","title":{"rendered":"Pin&#8217;s ciel transgenre"},"content":{"rendered":"<p>Pin&#8217;s repr\u00e9sentant un ciel avec les couleurs du drapeau transgenre.<br \/>\nM\u00e9tal argent\u00e9 \u00e9maill\u00e9 (hard enamel).<\/p>\n<p>2,5 cm de diam\u00e8tre<br \/>\nAttache noire en caoutchouc au dos.<\/p>\n<p>Envoi partout dans le monde. Il est aussi possible de le r\u00e9cup\u00e9rer sans frais d&#8217;envoi \u00e0 la boutique Encre&amp;Cendre (Lyon 1). S\u00e9lectionner &#8220;point de vente&#8221; en m\u00e9thode d&#8217;exp\u00e9dition.<\/p>\n<p>\u2728<br \/>\n<em>pin queer flag pride trans transgender lgbtqia+<br \/>\n<\/em><\/p>\n","protected":false},"excerpt":{"rendered":"<p>Pin&#8217;s repr\u00e9sentant un ciel avec les couleurs du drapeau transgenre. M\u00e9tal argent\u00e9 \u00e9maill\u00e9 (hard enamel). 2,5 cm de diam\u00e8tre Attache noire en caoutchouc au dos. Envoi partout dans le monde. Il est aussi possible de le r\u00e9cup\u00e9rer sans frais d&#8217;envoi \u00e0 la boutique Encre&amp;Cendre (Lyon 1). S\u00e9lectionner &#8220;point de vente&#8221; en m\u00e9thode d&#8217;exp\u00e9dition. \u2728 pin &hellip; <\/p>\n<p class=\"link-more\"><a href=\"https:\/\/lafillerenne.fr\/blog\/produit\/pins-ciel-transgenre\/\" class=\"more-link\">Continuer la lecture<span class=\"screen-reader-text\"> de &laquo;&nbsp;Pin&#8217;s ciel transgenre&nbsp;&raquo;<\/span><\/a><\/p>\n","protected":false},"featured_media":7594,"template":"","meta":[],"product_cat":[55,82],"product_tag":[64],"_links":{"self":[{"href":"https:\/\/lafillerenne.fr\/blog\/wp-json\/wp\/v2\/product\/7582"}],"collection":[{"href":"https:\/\/lafillerenne.fr\/blog\/wp-json\/wp\/v2\/product"}],"about":[{"href":"https:\/\/lafillerenne.fr\/blog\/wp-json\/wp\/v2\/types\/product"}],"wp:featuredmedia":[{"embeddable":true,"href":"https:\/\/lafillerenne.fr\/blog\/wp-json\/wp\/v2\/media\/7594"}],"wp:attachment":[{"href":"https:\/\/lafillerenne.fr\/blog\/wp-json\/wp\/v2\/media?parent=7582"}],"wp:term":[{"taxonomy":"product_cat","embeddable":true,"href":"https:\/\/lafillerenne.fr\/blog\/wp-json\/wp\/v2\/product_cat?post=7582"},{"taxonomy":"product_tag","embeddable":true,"href":"https:\/\/lafillerenne.fr\/blog\/wp-json\/wp\/v2\/product_tag?post=7582"}],"curies":[{"name":"wp","href":"https:\/\/api.w.org\/{rel}","templated":true}]}}