{"id":7646,"date":"2019-11-28T17:58:54","date_gmt":"2019-11-28T16:58:54","guid":{"rendered":"https:\/\/lafillerenne.fr\/blog\/?post_type=product&#038;p=7646"},"modified":"2025-09-24T11:45:19","modified_gmt":"2025-09-24T09:45:19","slug":"print-photographie-hebrides-20x30-3","status":"publish","type":"product","link":"https:\/\/lafillerenne.fr\/blog\/produit\/print-photographie-hebrides-20x30-3\/","title":{"rendered":"Print photographie H\u00e9brides 20&#215;30"},"content":{"rendered":"<p>Archipel des H\u00e9brides, \u00c9cosse, 2024<br \/>\nExtrait de la s\u00e9rie <a href=\"https:\/\/lafillerenne.fr\/portfolio\/?dslc_projects=scottish-adventures\">Scottish Diary<\/a><\/p>\n<p>Print sur papier Fuji Crystal Archive Supreme<br \/>\nFini mat, sign\u00e9<br \/>\n20&#215;30 cm<\/p>\n<p>Envoi partout dans le monde. Il est aussi possible de le r\u00e9cup\u00e9rer sans frais d&#8217;envoi \u00e0 la boutique Encre&amp;Cendre (Lyon 1). S\u00e9lectionner &#8220;point de vente&#8221; en m\u00e9thode d&#8217;exp\u00e9dition.<\/p>\n<p>\u2728<\/p>\n<p><em>print photography landscape paysage hebrides scotland united kingdom isle of skye<br \/>\n<\/em><\/p>\n","protected":false},"excerpt":{"rendered":"<p>Archipel des H\u00e9brides, \u00c9cosse, 2024 Extrait de la s\u00e9rie Scottish Diary Print sur papier Fuji Crystal Archive Supreme Fini mat, sign\u00e9 20&#215;30 cm Envoi partout dans le monde. Il est aussi possible de le r\u00e9cup\u00e9rer sans frais d&#8217;envoi \u00e0 la boutique Encre&amp;Cendre (Lyon 1). S\u00e9lectionner &#8220;point de vente&#8221; en m\u00e9thode d&#8217;exp\u00e9dition. \u2728 print photography landscape &hellip; <\/p>\n<p class=\"link-more\"><a href=\"https:\/\/lafillerenne.fr\/blog\/produit\/print-photographie-hebrides-20x30-3\/\" class=\"more-link\">Continuer la lecture<span class=\"screen-reader-text\"> de &laquo;&nbsp;Print photographie H\u00e9brides 20&#215;30&nbsp;&raquo;<\/span><\/a><\/p>\n","protected":false},"featured_media":7644,"template":"","meta":[],"product_cat":[75,81],"product_tag":[76,70,67],"_links":{"self":[{"href":"https:\/\/lafillerenne.fr\/blog\/wp-json\/wp\/v2\/product\/7646"}],"collection":[{"href":"https:\/\/lafillerenne.fr\/blog\/wp-json\/wp\/v2\/product"}],"about":[{"href":"https:\/\/lafillerenne.fr\/blog\/wp-json\/wp\/v2\/types\/product"}],"wp:featuredmedia":[{"embeddable":true,"href":"https:\/\/lafillerenne.fr\/blog\/wp-json\/wp\/v2\/media\/7644"}],"wp:attachment":[{"href":"https:\/\/lafillerenne.fr\/blog\/wp-json\/wp\/v2\/media?parent=7646"}],"wp:term":[{"taxonomy":"product_cat","embeddable":true,"href":"https:\/\/lafillerenne.fr\/blog\/wp-json\/wp\/v2\/product_cat?post=7646"},{"taxonomy":"product_tag","embeddable":true,"href":"https:\/\/lafillerenne.fr\/blog\/wp-json\/wp\/v2\/product_tag?post=7646"}],"curies":[{"name":"wp","href":"https:\/\/api.w.org\/{rel}","templated":true}]}}