{"id":7741,"date":"2015-10-28T19:56:01","date_gmt":"2015-10-28T18:56:01","guid":{"rendered":"https:\/\/lafillerenne.fr\/blog\/?post_type=product&#038;p=7741"},"modified":"2024-10-28T19:57:08","modified_gmt":"2024-10-28T18:57:08","slug":"print-photographie-golden-hour-20x30","status":"publish","type":"product","link":"https:\/\/lafillerenne.fr\/blog\/produit\/print-photographie-golden-hour-20x30\/","title":{"rendered":"Print photographie Golden Hour 20&#215;30"},"content":{"rendered":"<p>Woden, France, 2016<\/p>\n<p>Print sur papier Fuji Crystal Archive Supreme<br \/>\nFini mat, sign\u00e9<br \/>\n20&#215;30 cm<\/p>\n<p>Envoi partout dans le monde. Il est aussi possible de le r\u00e9cup\u00e9rer sans frais d&#8217;envoi \u00e0 la boutique Encre&amp;Cendre (Lyon 1). S\u00e9lectionner &#8220;point de vente&#8221; en m\u00e9thode d&#8217;exp\u00e9dition.<\/p>\n<p>\u2728<\/p>\n<p><em>print photography portrait golden hour<br \/>\n<\/em><\/p>\n","protected":false},"excerpt":{"rendered":"<p>Woden, France, 2016 Print sur papier Fuji Crystal Archive Supreme Fini mat, sign\u00e9 20&#215;30 cm Envoi partout dans le monde. Il est aussi possible de le r\u00e9cup\u00e9rer sans frais d&#8217;envoi \u00e0 la boutique Encre&amp;Cendre (Lyon 1). S\u00e9lectionner &#8220;point de vente&#8221; en m\u00e9thode d&#8217;exp\u00e9dition. \u2728 print photography portrait golden hour<\/p>\n","protected":false},"featured_media":7743,"template":"","meta":[],"product_cat":[75],"product_tag":[70,67],"_links":{"self":[{"href":"https:\/\/lafillerenne.fr\/blog\/wp-json\/wp\/v2\/product\/7741"}],"collection":[{"href":"https:\/\/lafillerenne.fr\/blog\/wp-json\/wp\/v2\/product"}],"about":[{"href":"https:\/\/lafillerenne.fr\/blog\/wp-json\/wp\/v2\/types\/product"}],"wp:featuredmedia":[{"embeddable":true,"href":"https:\/\/lafillerenne.fr\/blog\/wp-json\/wp\/v2\/media\/7743"}],"wp:attachment":[{"href":"https:\/\/lafillerenne.fr\/blog\/wp-json\/wp\/v2\/media?parent=7741"}],"wp:term":[{"taxonomy":"product_cat","embeddable":true,"href":"https:\/\/lafillerenne.fr\/blog\/wp-json\/wp\/v2\/product_cat?post=7741"},{"taxonomy":"product_tag","embeddable":true,"href":"https:\/\/lafillerenne.fr\/blog\/wp-json\/wp\/v2\/product_tag?post=7741"}],"curies":[{"name":"wp","href":"https:\/\/api.w.org\/{rel}","templated":true}]}}