{"id":7830,"date":"2014-10-29T13:36:28","date_gmt":"2014-10-29T12:36:28","guid":{"rendered":"https:\/\/lafillerenne.fr\/blog\/?post_type=product&#038;p=7830"},"modified":"2024-10-29T13:37:03","modified_gmt":"2024-10-29T12:37:03","slug":"print-photographie-recuperer-nos-corps-20x20-15","status":"publish","type":"product","link":"https:\/\/lafillerenne.fr\/blog\/produit\/print-photographie-recuperer-nos-corps-20x20-15\/","title":{"rendered":"Print photographie R\u00e9cup\u00e9rer Nos Corps 20&#215;20"},"content":{"rendered":"<p>Pauline, France, 2019<br \/>\nExtrait du projet <a href=\"https:\/\/lafillerenne.fr\/portfolio\/?dslc_projects=recuperernoscorps\">R\u00e9cup\u00e9rer Nos Corps<\/a> &amp; tirage de l&#8217;exposition<\/p>\n<p>Print sur papier Fuji Crystal Archive Supreme<br \/>\nFini mat, sign\u00e9<br \/>\n20&#215;20 cm<\/p>\n<p>Envoi partout dans le monde. Il est aussi possible de le r\u00e9cup\u00e9rer sans frais d&#8217;envoi \u00e0 la boutique Encre&amp;Cendre (Lyon 1). S\u00e9lectionner &#8220;point de vente&#8221; en m\u00e9thode d&#8217;exp\u00e9dition.<\/p>\n<p>\u2728<\/p>\n<p><em>print photography intimacy gyn\u00e9cologie gynecology<br \/>\n<\/em><\/p>\n","protected":false},"excerpt":{"rendered":"<p>Pauline, France, 2019 Extrait du projet R\u00e9cup\u00e9rer Nos Corps &amp; tirage de l&#8217;exposition Print sur papier Fuji Crystal Archive Supreme Fini mat, sign\u00e9 20&#215;20 cm Envoi partout dans le monde. Il est aussi possible de le r\u00e9cup\u00e9rer sans frais d&#8217;envoi \u00e0 la boutique Encre&amp;Cendre (Lyon 1). S\u00e9lectionner &#8220;point de vente&#8221; en m\u00e9thode d&#8217;exp\u00e9dition. \u2728 print &hellip; <\/p>\n<p class=\"link-more\"><a href=\"https:\/\/lafillerenne.fr\/blog\/produit\/print-photographie-recuperer-nos-corps-20x20-15\/\" class=\"more-link\">Continuer la lecture<span class=\"screen-reader-text\"> de &laquo;&nbsp;Print photographie R\u00e9cup\u00e9rer Nos Corps 20&#215;20&nbsp;&raquo;<\/span><\/a><\/p>\n","protected":false},"featured_media":7819,"template":"","meta":[],"product_cat":[75],"product_tag":[70,67],"_links":{"self":[{"href":"https:\/\/lafillerenne.fr\/blog\/wp-json\/wp\/v2\/product\/7830"}],"collection":[{"href":"https:\/\/lafillerenne.fr\/blog\/wp-json\/wp\/v2\/product"}],"about":[{"href":"https:\/\/lafillerenne.fr\/blog\/wp-json\/wp\/v2\/types\/product"}],"wp:featuredmedia":[{"embeddable":true,"href":"https:\/\/lafillerenne.fr\/blog\/wp-json\/wp\/v2\/media\/7819"}],"wp:attachment":[{"href":"https:\/\/lafillerenne.fr\/blog\/wp-json\/wp\/v2\/media?parent=7830"}],"wp:term":[{"taxonomy":"product_cat","embeddable":true,"href":"https:\/\/lafillerenne.fr\/blog\/wp-json\/wp\/v2\/product_cat?post=7830"},{"taxonomy":"product_tag","embeddable":true,"href":"https:\/\/lafillerenne.fr\/blog\/wp-json\/wp\/v2\/product_tag?post=7830"}],"curies":[{"name":"wp","href":"https:\/\/api.w.org\/{rel}","templated":true}]}}