{"id":7850,"date":"2019-11-28T18:05:16","date_gmt":"2019-11-28T17:05:16","guid":{"rendered":"https:\/\/lafillerenne.fr\/blog\/?post_type=product&#038;p=7850"},"modified":"2025-09-24T11:44:30","modified_gmt":"2025-09-24T09:44:30","slug":"print-photographie-lofoten-15x23-2","status":"publish","type":"product","link":"https:\/\/lafillerenne.fr\/blog\/produit\/print-photographie-lofoten-15x23-2\/","title":{"rendered":"Print photographie Lofoten 15&#215;23"},"content":{"rendered":"<p>Archipel des Lofoten, Norv\u00e8ge, 2021<br \/>\nExtrait de la s\u00e9rie <a href=\"https:\/\/lafillerenne.fr\/portfolio\/?dslc_projects=arctic-circle\">Arctic Circle<\/a><\/p>\n<p>Print sur papier Fuji Crystal Archive Supreme<br \/>\nFini mat, sign\u00e9<br \/>\n15&#215;23 cm<\/p>\n<p>Envoi partout dans le monde. Il est aussi possible de le r\u00e9cup\u00e9rer sans frais d&#8217;envoi \u00e0 la boutique Encre&amp;Cendre (Lyon 1). S\u00e9lectionner &#8220;point de vente&#8221; en m\u00e9thode d&#8217;exp\u00e9dition.<\/p>\n<p>\u2728<\/p>\n<p><em>print photography landscape paysage norway senja lofoten arctic rorbuer<br \/>\n<\/em><\/p>\n","protected":false},"excerpt":{"rendered":"<p>Archipel des Lofoten, Norv\u00e8ge, 2021 Extrait de la s\u00e9rie Arctic Circle Print sur papier Fuji Crystal Archive Supreme Fini mat, sign\u00e9 15&#215;23 cm Envoi partout dans le monde. Il est aussi possible de le r\u00e9cup\u00e9rer sans frais d&#8217;envoi \u00e0 la boutique Encre&amp;Cendre (Lyon 1). S\u00e9lectionner &#8220;point de vente&#8221; en m\u00e9thode d&#8217;exp\u00e9dition. \u2728 print photography landscape &hellip; <\/p>\n<p class=\"link-more\"><a href=\"https:\/\/lafillerenne.fr\/blog\/produit\/print-photographie-lofoten-15x23-2\/\" class=\"more-link\">Continuer la lecture<span class=\"screen-reader-text\"> de &laquo;&nbsp;Print photographie Lofoten 15&#215;23&nbsp;&raquo;<\/span><\/a><\/p>\n","protected":false},"featured_media":7093,"template":"","meta":[],"product_cat":[75,80],"product_tag":[65,62,70,67],"_links":{"self":[{"href":"https:\/\/lafillerenne.fr\/blog\/wp-json\/wp\/v2\/product\/7850"}],"collection":[{"href":"https:\/\/lafillerenne.fr\/blog\/wp-json\/wp\/v2\/product"}],"about":[{"href":"https:\/\/lafillerenne.fr\/blog\/wp-json\/wp\/v2\/types\/product"}],"wp:featuredmedia":[{"embeddable":true,"href":"https:\/\/lafillerenne.fr\/blog\/wp-json\/wp\/v2\/media\/7093"}],"wp:attachment":[{"href":"https:\/\/lafillerenne.fr\/blog\/wp-json\/wp\/v2\/media?parent=7850"}],"wp:term":[{"taxonomy":"product_cat","embeddable":true,"href":"https:\/\/lafillerenne.fr\/blog\/wp-json\/wp\/v2\/product_cat?post=7850"},{"taxonomy":"product_tag","embeddable":true,"href":"https:\/\/lafillerenne.fr\/blog\/wp-json\/wp\/v2\/product_tag?post=7850"}],"curies":[{"name":"wp","href":"https:\/\/api.w.org\/{rel}","templated":true}]}}