{"id":7877,"date":"2015-10-29T14:46:54","date_gmt":"2015-10-29T13:46:54","guid":{"rendered":"https:\/\/lafillerenne.fr\/blog\/?post_type=product&#038;p=7877"},"modified":"2025-09-24T11:50:00","modified_gmt":"2025-09-24T09:50:00","slug":"print-photographie-arctic-15x20","status":"publish","type":"product","link":"https:\/\/lafillerenne.fr\/blog\/produit\/print-photographie-arctic-15x20\/","title":{"rendered":"Print photographie Arctic 15&#215;20"},"content":{"rendered":"<p>Finlande, 2018<br \/>\nExtrait de la s\u00e9rie <a href=\"https:\/\/lafillerenne.fr\/portfolio\/?dslc_projects=arctic-circle\">Arctic Circle<\/a><\/p>\n<p>Print sur papier Fuji Crystal Archive Supreme<br \/>\nFini mat, sign\u00e9<br \/>\n15&#215;20 cm<\/p>\n<p>Envoi partout dans le monde. Il est aussi possible de le r\u00e9cup\u00e9rer sans frais d&#8217;envoi \u00e0 la boutique Encre&amp;Cendre (Lyon 1). S\u00e9lectionner &#8220;point de vente&#8221; en m\u00e9thode d&#8217;exp\u00e9dition.<\/p>\n<p>\u2728<\/p>\n<p><em>print photography landscape paysage finland arctic midnight sun<br \/>\n<\/em><\/p>\n","protected":false},"excerpt":{"rendered":"<p>Finlande, 2018 Extrait de la s\u00e9rie Arctic Circle Print sur papier Fuji Crystal Archive Supreme Fini mat, sign\u00e9 15&#215;20 cm Envoi partout dans le monde. Il est aussi possible de le r\u00e9cup\u00e9rer sans frais d&#8217;envoi \u00e0 la boutique Encre&amp;Cendre (Lyon 1). S\u00e9lectionner &#8220;point de vente&#8221; en m\u00e9thode d&#8217;exp\u00e9dition. \u2728 print photography landscape paysage finland arctic &hellip; <\/p>\n<p class=\"link-more\"><a href=\"https:\/\/lafillerenne.fr\/blog\/produit\/print-photographie-arctic-15x20\/\" class=\"more-link\">Continuer la lecture<span class=\"screen-reader-text\"> de &laquo;&nbsp;Print photographie Arctic 15&#215;20&nbsp;&raquo;<\/span><\/a><\/p>\n","protected":false},"featured_media":7878,"template":"","meta":[],"product_cat":[75,80],"product_tag":[65,70,67],"_links":{"self":[{"href":"https:\/\/lafillerenne.fr\/blog\/wp-json\/wp\/v2\/product\/7877"}],"collection":[{"href":"https:\/\/lafillerenne.fr\/blog\/wp-json\/wp\/v2\/product"}],"about":[{"href":"https:\/\/lafillerenne.fr\/blog\/wp-json\/wp\/v2\/types\/product"}],"wp:featuredmedia":[{"embeddable":true,"href":"https:\/\/lafillerenne.fr\/blog\/wp-json\/wp\/v2\/media\/7878"}],"wp:attachment":[{"href":"https:\/\/lafillerenne.fr\/blog\/wp-json\/wp\/v2\/media?parent=7877"}],"wp:term":[{"taxonomy":"product_cat","embeddable":true,"href":"https:\/\/lafillerenne.fr\/blog\/wp-json\/wp\/v2\/product_cat?post=7877"},{"taxonomy":"product_tag","embeddable":true,"href":"https:\/\/lafillerenne.fr\/blog\/wp-json\/wp\/v2\/product_tag?post=7877"}],"curies":[{"name":"wp","href":"https:\/\/api.w.org\/{rel}","templated":true}]}}