{"id":7895,"date":"2015-10-29T14:55:24","date_gmt":"2015-10-29T13:55:24","guid":{"rendered":"https:\/\/lafillerenne.fr\/blog\/?post_type=product&#038;p=7895"},"modified":"2025-09-24T11:48:05","modified_gmt":"2025-09-24T09:48:05","slug":"print-photographie-gender-is-over-20x30","status":"publish","type":"product","link":"https:\/\/lafillerenne.fr\/blog\/produit\/print-photographie-gender-is-over-20x30\/","title":{"rendered":"Print photographie Gender is over 20&#215;30"},"content":{"rendered":"<p>Lucie x Les S\u0153urs T\u00e9tons, France, 2022<\/p>\n<p>Print sur papier Fuji Crystal Archive Supreme<br \/>\nFini mat, sign\u00e9<br \/>\n20&#215;30 cm<\/p>\n<p>Envoi partout dans le monde. Il est aussi possible de le r\u00e9cup\u00e9rer sans frais d&#8217;envoi \u00e0 la boutique Encre&amp;Cendre (Lyon 1). S\u00e9lectionner &#8220;point de vente&#8221; en m\u00e9thode d&#8217;exp\u00e9dition.<\/p>\n<p>\u2728<\/p>\n<p><em>print photography transgender gender is over tattoo portrait intimate<br \/>\n<\/em><\/p>\n","protected":false},"excerpt":{"rendered":"<p>Lucie x Les S\u0153urs T\u00e9tons, France, 2022 Print sur papier Fuji Crystal Archive Supreme Fini mat, sign\u00e9 20&#215;30 cm Envoi partout dans le monde. Il est aussi possible de le r\u00e9cup\u00e9rer sans frais d&#8217;envoi \u00e0 la boutique Encre&amp;Cendre (Lyon 1). S\u00e9lectionner &#8220;point de vente&#8221; en m\u00e9thode d&#8217;exp\u00e9dition. \u2728 print photography transgender gender is over tattoo &hellip; <\/p>\n<p class=\"link-more\"><a href=\"https:\/\/lafillerenne.fr\/blog\/produit\/print-photographie-gender-is-over-20x30\/\" class=\"more-link\">Continuer la lecture<span class=\"screen-reader-text\"> de &laquo;&nbsp;Print photographie Gender is over 20&#215;30&nbsp;&raquo;<\/span><\/a><\/p>\n","protected":false},"featured_media":7889,"template":"","meta":[],"product_cat":[75,82],"product_tag":[70,67],"_links":{"self":[{"href":"https:\/\/lafillerenne.fr\/blog\/wp-json\/wp\/v2\/product\/7895"}],"collection":[{"href":"https:\/\/lafillerenne.fr\/blog\/wp-json\/wp\/v2\/product"}],"about":[{"href":"https:\/\/lafillerenne.fr\/blog\/wp-json\/wp\/v2\/types\/product"}],"wp:featuredmedia":[{"embeddable":true,"href":"https:\/\/lafillerenne.fr\/blog\/wp-json\/wp\/v2\/media\/7889"}],"wp:attachment":[{"href":"https:\/\/lafillerenne.fr\/blog\/wp-json\/wp\/v2\/media?parent=7895"}],"wp:term":[{"taxonomy":"product_cat","embeddable":true,"href":"https:\/\/lafillerenne.fr\/blog\/wp-json\/wp\/v2\/product_cat?post=7895"},{"taxonomy":"product_tag","embeddable":true,"href":"https:\/\/lafillerenne.fr\/blog\/wp-json\/wp\/v2\/product_tag?post=7895"}],"curies":[{"name":"wp","href":"https:\/\/api.w.org\/{rel}","templated":true}]}}