{"id":7912,"date":"2013-10-29T15:16:25","date_gmt":"2013-10-29T14:16:25","guid":{"rendered":"https:\/\/lafillerenne.fr\/blog\/?post_type=product&#038;p=7912"},"modified":"2024-10-29T15:17:18","modified_gmt":"2024-10-29T14:17:18","slug":"print-photographie-15x23-5","status":"publish","type":"product","link":"https:\/\/lafillerenne.fr\/blog\/produit\/print-photographie-15x23-5\/","title":{"rendered":"Print photographie 15&#215;23"},"content":{"rendered":"<p>Oph\u00e9lia, France, 2019<\/p>\n<p>Print sur papier Fuji Crystal Archive Supreme<br \/>\nFini mat, sign\u00e9<br \/>\n15&#215;23 cm<\/p>\n<p>Envoi partout dans le monde. Il est aussi possible de le r\u00e9cup\u00e9rer sans frais d&#8217;envoi \u00e0 la boutique Encre&amp;Cendre (Lyon 1). S\u00e9lectionner &#8220;point de vente&#8221; en m\u00e9thode d&#8217;exp\u00e9dition.<\/p>\n<p>\u2728<\/p>\n<p><em>print photography portrait black white monochrome<br \/>\n<\/em><\/p>\n","protected":false},"excerpt":{"rendered":"<p>Oph\u00e9lia, France, 2019 Print sur papier Fuji Crystal Archive Supreme Fini mat, sign\u00e9 15&#215;23 cm Envoi partout dans le monde. Il est aussi possible de le r\u00e9cup\u00e9rer sans frais d&#8217;envoi \u00e0 la boutique Encre&amp;Cendre (Lyon 1). S\u00e9lectionner &#8220;point de vente&#8221; en m\u00e9thode d&#8217;exp\u00e9dition. \u2728 print photography portrait black white monochrome<\/p>\n","protected":false},"featured_media":7909,"template":"","meta":[],"product_cat":[75],"product_tag":[70,67],"_links":{"self":[{"href":"https:\/\/lafillerenne.fr\/blog\/wp-json\/wp\/v2\/product\/7912"}],"collection":[{"href":"https:\/\/lafillerenne.fr\/blog\/wp-json\/wp\/v2\/product"}],"about":[{"href":"https:\/\/lafillerenne.fr\/blog\/wp-json\/wp\/v2\/types\/product"}],"wp:featuredmedia":[{"embeddable":true,"href":"https:\/\/lafillerenne.fr\/blog\/wp-json\/wp\/v2\/media\/7909"}],"wp:attachment":[{"href":"https:\/\/lafillerenne.fr\/blog\/wp-json\/wp\/v2\/media?parent=7912"}],"wp:term":[{"taxonomy":"product_cat","embeddable":true,"href":"https:\/\/lafillerenne.fr\/blog\/wp-json\/wp\/v2\/product_cat?post=7912"},{"taxonomy":"product_tag","embeddable":true,"href":"https:\/\/lafillerenne.fr\/blog\/wp-json\/wp\/v2\/product_tag?post=7912"}],"curies":[{"name":"wp","href":"https:\/\/api.w.org\/{rel}","templated":true}]}}