{"id":7913,"date":"2013-10-29T15:17:39","date_gmt":"2013-10-29T14:17:39","guid":{"rendered":"https:\/\/lafillerenne.fr\/blog\/?post_type=product&#038;p=7913"},"modified":"2024-11-05T15:21:24","modified_gmt":"2024-11-05T14:21:24","slug":"print-photographie-golden-hour-14x14","status":"publish","type":"product","link":"https:\/\/lafillerenne.fr\/blog\/produit\/print-photographie-golden-hour-14x14\/","title":{"rendered":"Print photographie 14&#215;14"},"content":{"rendered":"<p>Woden, France, 2014<br \/>\nTirage de l&#8217;exposition <em>Soft Skin<\/em><\/p>\n<p>Print sur papier Fujifilm<br \/>\nFini mat, sign\u00e9<br \/>\n14&#215;14 cm avec une fine bordure blanche<\/p>\n<p>Envoi partout dans le monde. Il est aussi possible de le r\u00e9cup\u00e9rer sans frais d&#8217;envoi \u00e0 la boutique Encre&amp;Cendre (Lyon 1). S\u00e9lectionner &#8220;point de vente&#8221; en m\u00e9thode d&#8217;exp\u00e9dition.<\/p>\n<p>\u2728<\/p>\n<p><em>print photography portrait golden hour<br \/>\n<\/em><\/p>\n","protected":false},"excerpt":{"rendered":"<p>Woden, France, 2014 Tirage de l&#8217;exposition Soft Skin Print sur papier Fujifilm Fini mat, sign\u00e9 14&#215;14 cm avec une fine bordure blanche Envoi partout dans le monde. Il est aussi possible de le r\u00e9cup\u00e9rer sans frais d&#8217;envoi \u00e0 la boutique Encre&amp;Cendre (Lyon 1). S\u00e9lectionner &#8220;point de vente&#8221; en m\u00e9thode d&#8217;exp\u00e9dition. \u2728 print photography portrait golden &hellip; <\/p>\n<p class=\"link-more\"><a href=\"https:\/\/lafillerenne.fr\/blog\/produit\/print-photographie-golden-hour-14x14\/\" class=\"more-link\">Continuer la lecture<span class=\"screen-reader-text\"> de &laquo;&nbsp;Print photographie 14&#215;14&nbsp;&raquo;<\/span><\/a><\/p>\n","protected":false},"featured_media":7910,"template":"","meta":[],"product_cat":[75],"product_tag":[70,67],"_links":{"self":[{"href":"https:\/\/lafillerenne.fr\/blog\/wp-json\/wp\/v2\/product\/7913"}],"collection":[{"href":"https:\/\/lafillerenne.fr\/blog\/wp-json\/wp\/v2\/product"}],"about":[{"href":"https:\/\/lafillerenne.fr\/blog\/wp-json\/wp\/v2\/types\/product"}],"wp:featuredmedia":[{"embeddable":true,"href":"https:\/\/lafillerenne.fr\/blog\/wp-json\/wp\/v2\/media\/7910"}],"wp:attachment":[{"href":"https:\/\/lafillerenne.fr\/blog\/wp-json\/wp\/v2\/media?parent=7913"}],"wp:term":[{"taxonomy":"product_cat","embeddable":true,"href":"https:\/\/lafillerenne.fr\/blog\/wp-json\/wp\/v2\/product_cat?post=7913"},{"taxonomy":"product_tag","embeddable":true,"href":"https:\/\/lafillerenne.fr\/blog\/wp-json\/wp\/v2\/product_tag?post=7913"}],"curies":[{"name":"wp","href":"https:\/\/api.w.org\/{rel}","templated":true}]}}