{"id":7915,"date":"2014-10-29T15:23:36","date_gmt":"2014-10-29T14:23:36","guid":{"rendered":"https:\/\/lafillerenne.fr\/blog\/?post_type=product&#038;p=7915"},"modified":"2025-11-27T21:34:25","modified_gmt":"2025-11-27T20:34:25","slug":"print-photographie-arctic-15x23-4","status":"publish","type":"product","link":"https:\/\/lafillerenne.fr\/blog\/produit\/print-photographie-arctic-15x23-4\/","title":{"rendered":"Print photographie Arctic 15&#215;23"},"content":{"rendered":"<p>Finlande, 2018<br \/>\nExtrait de la s\u00e9rie <a href=\"https:\/\/lafillerenne.fr\/portfolio\/?dslc_projects=arctic-circle\">Arctic Circle<\/a><\/p>\n<p>Print sur papier Fuji Crystal Archive Supreme<br \/>\nFini mat, sign\u00e9<br \/>\n15&#215;23 cm<\/p>\n<p>Envoi partout dans le monde. Il est aussi possible de le r\u00e9cup\u00e9rer sans frais d&#8217;envoi \u00e0 la boutique Encre&amp;Cendre (Lyon 1). S\u00e9lectionner &#8220;point de vente&#8221; en m\u00e9thode d&#8217;exp\u00e9dition.<\/p>\n<p>\u2728<\/p>\n<p><em>print photography landscape paysage findland midnight sun<br \/>\n<\/em><\/p>\n","protected":false},"excerpt":{"rendered":"<p>Finlande, 2018 Extrait de la s\u00e9rie Arctic Circle Print sur papier Fuji Crystal Archive Supreme Fini mat, sign\u00e9 15&#215;23 cm Envoi partout dans le monde. Il est aussi possible de le r\u00e9cup\u00e9rer sans frais d&#8217;envoi \u00e0 la boutique Encre&amp;Cendre (Lyon 1). S\u00e9lectionner &#8220;point de vente&#8221; en m\u00e9thode d&#8217;exp\u00e9dition. \u2728 print photography landscape paysage findland midnight &hellip; <\/p>\n<p class=\"link-more\"><a href=\"https:\/\/lafillerenne.fr\/blog\/produit\/print-photographie-arctic-15x23-4\/\" class=\"more-link\">Continuer la lecture<span class=\"screen-reader-text\"> de &laquo;&nbsp;Print photographie Arctic 15&#215;23&nbsp;&raquo;<\/span><\/a><\/p>\n","protected":false},"featured_media":7916,"template":"","meta":[],"product_cat":[75,80],"product_tag":[65,70,67],"_links":{"self":[{"href":"https:\/\/lafillerenne.fr\/blog\/wp-json\/wp\/v2\/product\/7915"}],"collection":[{"href":"https:\/\/lafillerenne.fr\/blog\/wp-json\/wp\/v2\/product"}],"about":[{"href":"https:\/\/lafillerenne.fr\/blog\/wp-json\/wp\/v2\/types\/product"}],"wp:featuredmedia":[{"embeddable":true,"href":"https:\/\/lafillerenne.fr\/blog\/wp-json\/wp\/v2\/media\/7916"}],"wp:attachment":[{"href":"https:\/\/lafillerenne.fr\/blog\/wp-json\/wp\/v2\/media?parent=7915"}],"wp:term":[{"taxonomy":"product_cat","embeddable":true,"href":"https:\/\/lafillerenne.fr\/blog\/wp-json\/wp\/v2\/product_cat?post=7915"},{"taxonomy":"product_tag","embeddable":true,"href":"https:\/\/lafillerenne.fr\/blog\/wp-json\/wp\/v2\/product_tag?post=7915"}],"curies":[{"name":"wp","href":"https:\/\/api.w.org\/{rel}","templated":true}]}}