{"id":7946,"date":"2023-10-29T16:09:36","date_gmt":"2023-10-29T15:09:36","guid":{"rendered":"https:\/\/lafillerenne.fr\/blog\/?post_type=product&#038;p=7946"},"modified":"2024-11-08T09:50:03","modified_gmt":"2024-11-08T08:50:03","slug":"carte-postale-6","status":"publish","type":"product","link":"https:\/\/lafillerenne.fr\/blog\/produit\/carte-postale-6\/","title":{"rendered":"Carte postale"},"content":{"rendered":"<p>Carte postale avec une photographie argentique prise en France.<\/p>\n<p>Impression sur papier 400g, fini couch\u00e9 demi-mat, format A6.<\/p>\n<p>Envoi partout dans le monde. Il est aussi possible de le r\u00e9cup\u00e9rer sans frais d&#8217;envoi \u00e0 la boutique Encre&amp;Cendre (Lyon 1). S\u00e9lectionner &#8220;point de vente&#8221; en m\u00e9thode d&#8217;exp\u00e9dition.<\/p>\n<p>\u2728<\/p>\n<p><em>print photography turquoise postcard portrait double exposure<br \/>\n<\/em><\/p>\n","protected":false},"excerpt":{"rendered":"<p>Carte postale avec une photographie argentique prise en France. Impression sur papier 400g, fini couch\u00e9 demi-mat, format A6. Envoi partout dans le monde. Il est aussi possible de le r\u00e9cup\u00e9rer sans frais d&#8217;envoi \u00e0 la boutique Encre&amp;Cendre (Lyon 1). S\u00e9lectionner &#8220;point de vente&#8221; en m\u00e9thode d&#8217;exp\u00e9dition. \u2728 print photography turquoise postcard portrait double exposure<\/p>\n","protected":false},"featured_media":7945,"template":"","meta":[],"product_cat":[59],"product_tag":[66,70],"_links":{"self":[{"href":"https:\/\/lafillerenne.fr\/blog\/wp-json\/wp\/v2\/product\/7946"}],"collection":[{"href":"https:\/\/lafillerenne.fr\/blog\/wp-json\/wp\/v2\/product"}],"about":[{"href":"https:\/\/lafillerenne.fr\/blog\/wp-json\/wp\/v2\/types\/product"}],"wp:featuredmedia":[{"embeddable":true,"href":"https:\/\/lafillerenne.fr\/blog\/wp-json\/wp\/v2\/media\/7945"}],"wp:attachment":[{"href":"https:\/\/lafillerenne.fr\/blog\/wp-json\/wp\/v2\/media?parent=7946"}],"wp:term":[{"taxonomy":"product_cat","embeddable":true,"href":"https:\/\/lafillerenne.fr\/blog\/wp-json\/wp\/v2\/product_cat?post=7946"},{"taxonomy":"product_tag","embeddable":true,"href":"https:\/\/lafillerenne.fr\/blog\/wp-json\/wp\/v2\/product_tag?post=7946"}],"curies":[{"name":"wp","href":"https:\/\/api.w.org\/{rel}","templated":true}]}}