{"id":7950,"date":"2024-05-29T15:53:47","date_gmt":"2024-05-29T13:53:47","guid":{"rendered":"https:\/\/lafillerenne.fr\/blog\/?post_type=product&#038;p=7950"},"modified":"2025-11-27T07:00:37","modified_gmt":"2025-11-27T06:00:37","slug":"pins-macareux-moine-collection-feroe-defaut","status":"publish","type":"product","link":"https:\/\/lafillerenne.fr\/blog\/produit\/pins-macareux-moine-collection-feroe-defaut\/","title":{"rendered":"Pin&#8217;s macareux moine, collection F\u00e9ro\u00e9 (d\u00e9faut)"},"content":{"rendered":"<p>Pin&#8217;s repr\u00e9sentant un macareux moine (<em>Fratercula arctica<\/em>). Il est \u00e0 prix r\u00e9duit car il comporte de petits d\u00e9fauts dans l&#8217;\u00e9mail.<br \/>\nM\u00e9tal argent\u00e9 \u00e9maill\u00e9 (hard enamel).<\/p>\n<p>2,5 cm de diam\u00e8tre<br \/>\nAttache noire en caoutchouc au dos.<\/p>\n<p>Envoi partout dans le monde. Il est aussi possible de le r\u00e9cup\u00e9rer sans frais d&#8217;envoi \u00e0 la boutique Encre&amp;Cendre (Lyon 1). S\u00e9lectionner &#8220;point de vente&#8221; en m\u00e9thode d&#8217;exp\u00e9dition.<\/p>\n<p>\u2728<br \/>\n<em>pin faroe islands scandinavia arctic winter puffin winter lights aurora borealis<br \/>\n<\/em><\/p>\n","protected":false},"excerpt":{"rendered":"<p>Pin&#8217;s repr\u00e9sentant un macareux moine (Fratercula arctica). Il est \u00e0 prix r\u00e9duit car il comporte de petits d\u00e9fauts dans l&#8217;\u00e9mail. M\u00e9tal argent\u00e9 \u00e9maill\u00e9 (hard enamel). 2,5 cm de diam\u00e8tre Attache noire en caoutchouc au dos. Envoi partout dans le monde. Il est aussi possible de le r\u00e9cup\u00e9rer sans frais d&#8217;envoi \u00e0 la boutique Encre&amp;Cendre (Lyon &hellip; <\/p>\n<p class=\"link-more\"><a href=\"https:\/\/lafillerenne.fr\/blog\/produit\/pins-macareux-moine-collection-feroe-defaut\/\" class=\"more-link\">Continuer la lecture<span class=\"screen-reader-text\"> de &laquo;&nbsp;Pin&#8217;s macareux moine, collection F\u00e9ro\u00e9 (d\u00e9faut)&nbsp;&raquo;<\/span><\/a><\/p>\n","protected":false},"featured_media":7608,"template":"","meta":[],"product_cat":[55,79,80,81,83],"product_tag":[65,74,64],"_links":{"self":[{"href":"https:\/\/lafillerenne.fr\/blog\/wp-json\/wp\/v2\/product\/7950"}],"collection":[{"href":"https:\/\/lafillerenne.fr\/blog\/wp-json\/wp\/v2\/product"}],"about":[{"href":"https:\/\/lafillerenne.fr\/blog\/wp-json\/wp\/v2\/types\/product"}],"wp:featuredmedia":[{"embeddable":true,"href":"https:\/\/lafillerenne.fr\/blog\/wp-json\/wp\/v2\/media\/7608"}],"wp:attachment":[{"href":"https:\/\/lafillerenne.fr\/blog\/wp-json\/wp\/v2\/media?parent=7950"}],"wp:term":[{"taxonomy":"product_cat","embeddable":true,"href":"https:\/\/lafillerenne.fr\/blog\/wp-json\/wp\/v2\/product_cat?post=7950"},{"taxonomy":"product_tag","embeddable":true,"href":"https:\/\/lafillerenne.fr\/blog\/wp-json\/wp\/v2\/product_tag?post=7950"}],"curies":[{"name":"wp","href":"https:\/\/api.w.org\/{rel}","templated":true}]}}