{"id":7976,"date":"2024-10-31T11:35:17","date_gmt":"2024-10-31T10:35:17","guid":{"rendered":"https:\/\/lafillerenne.fr\/blog\/?post_type=product&#038;p=7976"},"modified":"2025-10-03T16:38:35","modified_gmt":"2025-10-03T14:38:35","slug":"planche-stickers-photographies","status":"publish","type":"product","link":"https:\/\/lafillerenne.fr\/blog\/produit\/planche-stickers-photographies\/","title":{"rendered":"Planche stickers photographies"},"content":{"rendered":"<p>Planche de quatre stickers avec des clich\u00e9s argentiques.<br \/>\n8.8&#215;8.8cm<br \/>\nVinyle, finition glossy<\/p>\n<p>Vendu \u00e0 l&#8217;unit\u00e9<\/p>\n<p>Envoi partout dans le monde. Il est aussi possible de le r\u00e9cup\u00e9rer sans frais d&#8217;envoi \u00e0 la boutique Encre&amp;Cendre (Lyon 1). S\u00e9lectionner &#8220;point de vente&#8221; en m\u00e9thode d&#8217;exp\u00e9dition.<\/p>\n<p>\u2728<\/p>\n<p><em>sticker vinyle portrait analog<br \/>\n<\/em><\/p>\n","protected":false},"excerpt":{"rendered":"<p>Planche de quatre stickers avec des clich\u00e9s argentiques. 8.8&#215;8.8cm Vinyle, finition glossy Vendu \u00e0 l&#8217;unit\u00e9 Envoi partout dans le monde. Il est aussi possible de le r\u00e9cup\u00e9rer sans frais d&#8217;envoi \u00e0 la boutique Encre&amp;Cendre (Lyon 1). S\u00e9lectionner &#8220;point de vente&#8221; en m\u00e9thode d&#8217;exp\u00e9dition. \u2728 sticker vinyle portrait analog<\/p>\n","protected":false},"featured_media":7971,"template":"","meta":[],"product_cat":[75,57],"product_tag":[63],"_links":{"self":[{"href":"https:\/\/lafillerenne.fr\/blog\/wp-json\/wp\/v2\/product\/7976"}],"collection":[{"href":"https:\/\/lafillerenne.fr\/blog\/wp-json\/wp\/v2\/product"}],"about":[{"href":"https:\/\/lafillerenne.fr\/blog\/wp-json\/wp\/v2\/types\/product"}],"wp:featuredmedia":[{"embeddable":true,"href":"https:\/\/lafillerenne.fr\/blog\/wp-json\/wp\/v2\/media\/7971"}],"wp:attachment":[{"href":"https:\/\/lafillerenne.fr\/blog\/wp-json\/wp\/v2\/media?parent=7976"}],"wp:term":[{"taxonomy":"product_cat","embeddable":true,"href":"https:\/\/lafillerenne.fr\/blog\/wp-json\/wp\/v2\/product_cat?post=7976"},{"taxonomy":"product_tag","embeddable":true,"href":"https:\/\/lafillerenne.fr\/blog\/wp-json\/wp\/v2\/product_tag?post=7976"}],"curies":[{"name":"wp","href":"https:\/\/api.w.org\/{rel}","templated":true}]}}