{"id":7980,"date":"2024-10-31T11:40:51","date_gmt":"2024-10-31T10:40:51","guid":{"rendered":"https:\/\/lafillerenne.fr\/blog\/?post_type=product&#038;p=7980"},"modified":"2025-09-23T12:48:45","modified_gmt":"2025-09-23T10:48:45","slug":"collier-baleine-bleue-collection-feroe-2","status":"publish","type":"product","link":"https:\/\/lafillerenne.fr\/blog\/produit\/collier-baleine-bleue-collection-feroe-2\/","title":{"rendered":"Collier baleine bleue, collection F\u00e9ro\u00e9"},"content":{"rendered":"<p>Collier avec un pendentif repr\u00e9sentant une mandibule de baleine bleue (<em>Balaenoptera musculus<\/em>). Les parties internes sont \u00e9vid\u00e9es.<\/p>\n<p>Pendentif en acier inoxydable hypoallerg\u00e9nique, design\u00e9 par mes soins. L&#8217;acier est recyclable et fait en partie de mat\u00e9riel recycl\u00e9.<\/p>\n<p>Cha\u00eene de 50 cm en acier inoxydable.<\/p>\n<p>Envoi partout dans le monde. Il est aussi possible de le r\u00e9cup\u00e9rer sans frais d&#8217;envoi \u00e0 la boutique Encre&amp;Cendre (Lyon 1). S\u00e9lectionner &#8220;point de vente&#8221; en m\u00e9thode d&#8217;exp\u00e9dition.<\/p>\n<p>\u2728<\/p>\n<p><em>pins faroe islands scandinavia arctic winter blue whale skeleton bones mandible<\/em><\/p>\n","protected":false},"excerpt":{"rendered":"<p>Collier avec un pendentif repr\u00e9sentant une mandibule de baleine bleue (Balaenoptera musculus). Les parties internes sont \u00e9vid\u00e9es. Pendentif en acier inoxydable hypoallerg\u00e9nique, design\u00e9 par mes soins. L&#8217;acier est recyclable et fait en partie de mat\u00e9riel recycl\u00e9. Cha\u00eene de 50 cm en acier inoxydable. Envoi partout dans le monde. Il est aussi possible de le r\u00e9cup\u00e9rer &hellip; <\/p>\n<p class=\"link-more\"><a href=\"https:\/\/lafillerenne.fr\/blog\/produit\/collier-baleine-bleue-collection-feroe-2\/\" class=\"more-link\">Continuer la lecture<span class=\"screen-reader-text\"> de &laquo;&nbsp;Collier baleine bleue, collection F\u00e9ro\u00e9&nbsp;&raquo;<\/span><\/a><\/p>\n","protected":false},"featured_media":7963,"template":"","meta":[],"product_cat":[77,79,80,81],"product_tag":[65,69,74],"_links":{"self":[{"href":"https:\/\/lafillerenne.fr\/blog\/wp-json\/wp\/v2\/product\/7980"}],"collection":[{"href":"https:\/\/lafillerenne.fr\/blog\/wp-json\/wp\/v2\/product"}],"about":[{"href":"https:\/\/lafillerenne.fr\/blog\/wp-json\/wp\/v2\/types\/product"}],"wp:featuredmedia":[{"embeddable":true,"href":"https:\/\/lafillerenne.fr\/blog\/wp-json\/wp\/v2\/media\/7963"}],"wp:attachment":[{"href":"https:\/\/lafillerenne.fr\/blog\/wp-json\/wp\/v2\/media?parent=7980"}],"wp:term":[{"taxonomy":"product_cat","embeddable":true,"href":"https:\/\/lafillerenne.fr\/blog\/wp-json\/wp\/v2\/product_cat?post=7980"},{"taxonomy":"product_tag","embeddable":true,"href":"https:\/\/lafillerenne.fr\/blog\/wp-json\/wp\/v2\/product_tag?post=7980"}],"curies":[{"name":"wp","href":"https:\/\/api.w.org\/{rel}","templated":true}]}}