{"id":8018,"date":"2009-10-31T14:46:26","date_gmt":"2009-10-31T13:46:26","guid":{"rendered":"https:\/\/lafillerenne.fr\/blog\/?post_type=product&#038;p=8018"},"modified":"2025-10-10T17:35:30","modified_gmt":"2025-10-10T15:35:30","slug":"tirage-dart-sur-dibond-recuperer","status":"publish","type":"product","link":"https:\/\/lafillerenne.fr\/blog\/produit\/tirage-dart-sur-dibond-recuperer\/","title":{"rendered":"Tirage d&#8217;art sur Dibond"},"content":{"rendered":"<p>Chaton &amp; Anonyme, France, 2021<br \/>\nTirage de l&#8217;exposition <em>Romy Aliz\u00e9e, La Fille Renne<\/em>, Sc\u00e8ne Nationale d\u2019Orl\u00e9ans, 2022<\/p>\n<p>Tirage sur papier Canson Infinity 310g contrecoll\u00e9 sur Dibond (reproduction sur un panneau aluminium blanc de 3mm)<br \/>\nTirage unique, sign\u00e9<\/p>\n<p>Attache coll\u00e9e au dos<br \/>\n29.7&#215;42 cm<\/p>\n<p>Envoi partout dans le monde. Il est aussi possible de le r\u00e9cup\u00e9rer sans frais d&#8217;envoi \u00e0 la boutique Encre&amp;Cendre (Lyon 1). S\u00e9lectionner &#8220;point de vente&#8221; en m\u00e9thode d&#8217;exp\u00e9dition.<\/p>\n<p>\u2728<\/p>\n<p><em>print photography intimacy sex oral fellation dildo couple aluminium dibond fine art alu<br \/>\n<\/em><\/p>\n","protected":false},"excerpt":{"rendered":"<p>Chaton &amp; Anonyme, France, 2021 Tirage de l&#8217;exposition Romy Aliz\u00e9e, La Fille Renne, Sc\u00e8ne Nationale d\u2019Orl\u00e9ans, 2022 Tirage sur papier Canson Infinity 310g contrecoll\u00e9 sur Dibond (reproduction sur un panneau aluminium blanc de 3mm) Tirage unique, sign\u00e9 Attache coll\u00e9e au dos 29.7&#215;42 cm Envoi partout dans le monde. Il est aussi possible de le r\u00e9cup\u00e9rer &hellip; <\/p>\n<p class=\"link-more\"><a href=\"https:\/\/lafillerenne.fr\/blog\/produit\/tirage-dart-sur-dibond-recuperer\/\" class=\"more-link\">Continuer la lecture<span class=\"screen-reader-text\"> de &laquo;&nbsp;Tirage d&#8217;art sur Dibond&nbsp;&raquo;<\/span><\/a><\/p>\n","protected":false},"featured_media":8006,"template":"","meta":[],"product_cat":[75,82],"product_tag":[70,67],"_links":{"self":[{"href":"https:\/\/lafillerenne.fr\/blog\/wp-json\/wp\/v2\/product\/8018"}],"collection":[{"href":"https:\/\/lafillerenne.fr\/blog\/wp-json\/wp\/v2\/product"}],"about":[{"href":"https:\/\/lafillerenne.fr\/blog\/wp-json\/wp\/v2\/types\/product"}],"wp:featuredmedia":[{"embeddable":true,"href":"https:\/\/lafillerenne.fr\/blog\/wp-json\/wp\/v2\/media\/8006"}],"wp:attachment":[{"href":"https:\/\/lafillerenne.fr\/blog\/wp-json\/wp\/v2\/media?parent=8018"}],"wp:term":[{"taxonomy":"product_cat","embeddable":true,"href":"https:\/\/lafillerenne.fr\/blog\/wp-json\/wp\/v2\/product_cat?post=8018"},{"taxonomy":"product_tag","embeddable":true,"href":"https:\/\/lafillerenne.fr\/blog\/wp-json\/wp\/v2\/product_tag?post=8018"}],"curies":[{"name":"wp","href":"https:\/\/api.w.org\/{rel}","templated":true}]}}