{"id":8101,"date":"2013-11-04T17:40:10","date_gmt":"2013-11-04T16:40:10","guid":{"rendered":"https:\/\/lafillerenne.fr\/blog\/?post_type=product&#038;p=8101"},"modified":"2025-10-10T17:34:37","modified_gmt":"2025-10-10T15:34:37","slug":"print-photographie-recuperer-nos-corps-30-5x45-5-5","status":"publish","type":"product","link":"https:\/\/lafillerenne.fr\/blog\/produit\/print-photographie-recuperer-nos-corps-30-5x45-5-5\/","title":{"rendered":"Print photographie R\u00e9cup\u00e9rer Nos Corps 30.5&#215;45.5"},"content":{"rendered":"<p>Billy, France, 2021<br \/>\nExtrait du projet <a href=\"https:\/\/lafillerenne.fr\/portfolio\/?dslc_projects=recuperernoscorps\">R\u00e9cup\u00e9rer Nos Corps<\/a> &amp; tirage de l&#8217;exposition<\/p>\n<p>Print sur papier Fuji Crystal Archive Supreme<br \/>\nFini mat, sign\u00e9<br \/>\n30.5&#215;45.5 cm<\/p>\n<p>Envoi partout dans le monde. Il est aussi possible de le r\u00e9cup\u00e9rer sans frais d&#8217;envoi \u00e0 la boutique Encre&amp;Cendre (Lyon 1). S\u00e9lectionner &#8220;point de vente&#8221; en m\u00e9thode d&#8217;exp\u00e9dition.<\/p>\n<p>\u2728<\/p>\n<p><em>print photography intimacy gyn\u00e9cologie gynecology aluminium dibond fine art alu<br \/>\n<\/em><\/p>\n","protected":false},"excerpt":{"rendered":"<p>Billy, France, 2021 Extrait du projet R\u00e9cup\u00e9rer Nos Corps &amp; tirage de l&#8217;exposition Print sur papier Fuji Crystal Archive Supreme Fini mat, sign\u00e9 30.5&#215;45.5 cm Envoi partout dans le monde. Il est aussi possible de le r\u00e9cup\u00e9rer sans frais d&#8217;envoi \u00e0 la boutique Encre&amp;Cendre (Lyon 1). S\u00e9lectionner &#8220;point de vente&#8221; en m\u00e9thode d&#8217;exp\u00e9dition. \u2728 print &hellip; <\/p>\n<p class=\"link-more\"><a href=\"https:\/\/lafillerenne.fr\/blog\/produit\/print-photographie-recuperer-nos-corps-30-5x45-5-5\/\" class=\"more-link\">Continuer la lecture<span class=\"screen-reader-text\"> de &laquo;&nbsp;Print photographie R\u00e9cup\u00e9rer Nos Corps 30.5&#215;45.5&nbsp;&raquo;<\/span><\/a><\/p>\n","protected":false},"featured_media":8003,"template":"","meta":[],"product_cat":[75,82],"product_tag":[70,67],"_links":{"self":[{"href":"https:\/\/lafillerenne.fr\/blog\/wp-json\/wp\/v2\/product\/8101"}],"collection":[{"href":"https:\/\/lafillerenne.fr\/blog\/wp-json\/wp\/v2\/product"}],"about":[{"href":"https:\/\/lafillerenne.fr\/blog\/wp-json\/wp\/v2\/types\/product"}],"wp:featuredmedia":[{"embeddable":true,"href":"https:\/\/lafillerenne.fr\/blog\/wp-json\/wp\/v2\/media\/8003"}],"wp:attachment":[{"href":"https:\/\/lafillerenne.fr\/blog\/wp-json\/wp\/v2\/media?parent=8101"}],"wp:term":[{"taxonomy":"product_cat","embeddable":true,"href":"https:\/\/lafillerenne.fr\/blog\/wp-json\/wp\/v2\/product_cat?post=8101"},{"taxonomy":"product_tag","embeddable":true,"href":"https:\/\/lafillerenne.fr\/blog\/wp-json\/wp\/v2\/product_tag?post=8101"}],"curies":[{"name":"wp","href":"https:\/\/api.w.org\/{rel}","templated":true}]}}