{"id":8124,"date":"2014-11-05T15:21:32","date_gmt":"2014-11-05T14:21:32","guid":{"rendered":"https:\/\/lafillerenne.fr\/blog\/?post_type=product&#038;p=8124"},"modified":"2024-11-05T15:22:06","modified_gmt":"2024-11-05T14:22:06","slug":"print-photographie-14x14","status":"publish","type":"product","link":"https:\/\/lafillerenne.fr\/blog\/produit\/print-photographie-14x14\/","title":{"rendered":"Print photographie 14&#215;14"},"content":{"rendered":"<p>Jean-Nicolas, France, 2014<br \/>\nTirage de l&#8217;exposition <em>Soft Skin<\/em><\/p>\n<p>Print sur papier Fujifilm<br \/>\nFini mat, sign\u00e9<br \/>\n14&#215;14 cm avec une fine bordure blanche<\/p>\n<p>Envoi partout dans le monde. Il est aussi possible de le r\u00e9cup\u00e9rer sans frais d&#8217;envoi \u00e0 la boutique Encre&amp;Cendre (Lyon 1). S\u00e9lectionner &#8220;point de vente&#8221; en m\u00e9thode d&#8217;exp\u00e9dition.<\/p>\n<p>\u2728<\/p>\n<p><em>print photography portrait double exposure nude intimacy<br \/>\n<\/em><\/p>\n","protected":false},"excerpt":{"rendered":"<p>Jean-Nicolas, France, 2014 Tirage de l&#8217;exposition Soft Skin Print sur papier Fujifilm Fini mat, sign\u00e9 14&#215;14 cm avec une fine bordure blanche Envoi partout dans le monde. Il est aussi possible de le r\u00e9cup\u00e9rer sans frais d&#8217;envoi \u00e0 la boutique Encre&amp;Cendre (Lyon 1). S\u00e9lectionner &#8220;point de vente&#8221; en m\u00e9thode d&#8217;exp\u00e9dition. \u2728 print photography portrait double &hellip; <\/p>\n<p class=\"link-more\"><a href=\"https:\/\/lafillerenne.fr\/blog\/produit\/print-photographie-14x14\/\" class=\"more-link\">Continuer la lecture<span class=\"screen-reader-text\"> de &laquo;&nbsp;Print photographie 14&#215;14&nbsp;&raquo;<\/span><\/a><\/p>\n","protected":false},"featured_media":8117,"template":"","meta":[],"product_cat":[75],"product_tag":[70,67],"_links":{"self":[{"href":"https:\/\/lafillerenne.fr\/blog\/wp-json\/wp\/v2\/product\/8124"}],"collection":[{"href":"https:\/\/lafillerenne.fr\/blog\/wp-json\/wp\/v2\/product"}],"about":[{"href":"https:\/\/lafillerenne.fr\/blog\/wp-json\/wp\/v2\/types\/product"}],"wp:featuredmedia":[{"embeddable":true,"href":"https:\/\/lafillerenne.fr\/blog\/wp-json\/wp\/v2\/media\/8117"}],"wp:attachment":[{"href":"https:\/\/lafillerenne.fr\/blog\/wp-json\/wp\/v2\/media?parent=8124"}],"wp:term":[{"taxonomy":"product_cat","embeddable":true,"href":"https:\/\/lafillerenne.fr\/blog\/wp-json\/wp\/v2\/product_cat?post=8124"},{"taxonomy":"product_tag","embeddable":true,"href":"https:\/\/lafillerenne.fr\/blog\/wp-json\/wp\/v2\/product_tag?post=8124"}],"curies":[{"name":"wp","href":"https:\/\/api.w.org\/{rel}","templated":true}]}}