{"id":8251,"date":"2025-07-28T18:22:13","date_gmt":"2025-07-28T16:22:13","guid":{"rendered":"https:\/\/lafillerenne.fr\/blog\/?post_type=product&#038;p=8251"},"modified":"2025-10-10T14:53:28","modified_gmt":"2025-10-10T12:53:28","slug":"print-photographie-saint-sebastien-20x30","status":"publish","type":"product","link":"https:\/\/lafillerenne.fr\/blog\/produit\/print-photographie-saint-sebastien-20x30\/","title":{"rendered":"Print photographie Saint S\u00e9bastien 20&#215;30"},"content":{"rendered":"<p>Tournage du film <em>Nos Fins Joyeuses<br \/>\n<\/em>Illustrations de Lucie Levon Babayan<\/p>\n<p>Print sur papier Fuji Crystal Archive Supreme<br \/>\nFini mat, sign\u00e9<br \/>\n20&#215;30 cm<\/p>\n<p>Envoi partout dans le monde. Il est aussi possible de le r\u00e9cup\u00e9rer sans frais d\u2019envoi sur Villeurbanne. S\u00e9lectionner \u201cpoint de vente\u201d en m\u00e9thode d\u2019exp\u00e9dition.<\/p>\n<p><strong>Pr\u00e9ventes ! Les prints seront exp\u00e9di\u00e9s en octobre 2025.<\/strong><\/p>\n<p>\u2728<\/p>\n<p><em>print photography landscape queer transmasculine trans transmasculinity<\/em><\/p>\n","protected":false},"excerpt":{"rendered":"<p>Tournage du film Nos Fins Joyeuses Illustrations de Lucie Levon Babayan Print sur papier Fuji Crystal Archive Supreme Fini mat, sign\u00e9 20&#215;30 cm Envoi partout dans le monde. Il est aussi possible de le r\u00e9cup\u00e9rer sans frais d\u2019envoi sur Villeurbanne. S\u00e9lectionner \u201cpoint de vente\u201d en m\u00e9thode d\u2019exp\u00e9dition. Pr\u00e9ventes ! Les prints seront exp\u00e9di\u00e9s en octobre &hellip; <\/p>\n<p class=\"link-more\"><a href=\"https:\/\/lafillerenne.fr\/blog\/produit\/print-photographie-saint-sebastien-20x30\/\" class=\"more-link\">Continuer la lecture<span class=\"screen-reader-text\"> de &laquo;&nbsp;Print photographie Saint S\u00e9bastien 20&#215;30&nbsp;&raquo;<\/span><\/a><\/p>\n","protected":false},"featured_media":8691,"template":"","meta":[],"product_cat":[75,82],"product_tag":[70,67],"_links":{"self":[{"href":"https:\/\/lafillerenne.fr\/blog\/wp-json\/wp\/v2\/product\/8251"}],"collection":[{"href":"https:\/\/lafillerenne.fr\/blog\/wp-json\/wp\/v2\/product"}],"about":[{"href":"https:\/\/lafillerenne.fr\/blog\/wp-json\/wp\/v2\/types\/product"}],"wp:featuredmedia":[{"embeddable":true,"href":"https:\/\/lafillerenne.fr\/blog\/wp-json\/wp\/v2\/media\/8691"}],"wp:attachment":[{"href":"https:\/\/lafillerenne.fr\/blog\/wp-json\/wp\/v2\/media?parent=8251"}],"wp:term":[{"taxonomy":"product_cat","embeddable":true,"href":"https:\/\/lafillerenne.fr\/blog\/wp-json\/wp\/v2\/product_cat?post=8251"},{"taxonomy":"product_tag","embeddable":true,"href":"https:\/\/lafillerenne.fr\/blog\/wp-json\/wp\/v2\/product_tag?post=8251"}],"curies":[{"name":"wp","href":"https:\/\/api.w.org\/{rel}","templated":true}]}}