{"id":8361,"date":"2025-09-23T14:45:52","date_gmt":"2025-09-23T12:45:52","guid":{"rendered":"https:\/\/lafillerenne.fr\/blog\/?post_type=product&#038;p=8361"},"modified":"2026-01-08T19:04:18","modified_gmt":"2026-01-08T18:04:18","slug":"peluche-bebe-bedon-337","status":"publish","type":"product","link":"https:\/\/lafillerenne.fr\/blog\/produit\/peluche-bebe-bedon-337\/","title":{"rendered":"Peluche b\u00e9b\u00e9 bedon #337"},"content":{"rendered":"<p>Peluche toute douce rembourr\u00e9e en polaire orange.<br \/>\nElle a un ventre en coton, des joues en feutrine et une cr\u00eate verticale sur le verso en fausse fourrure rose. Les yeux sont des yeux de s\u00e9curit\u00e9 en plastique marron.<br \/>\nCertains tissus utilis\u00e9s sont issus de r\u00e9cup\u00e9ration.<\/p>\n<p>Elle repr\u00e9sente un b\u00e9b\u00e9 bedon, petit personnage sympathique que j&#8217;ai cr\u00e9\u00e9 en 2005. Suivant les principes de la g\u00e9n\u00e9tique, les bedons ont des liens de parent\u00e9 les uns avec les autres, repr\u00e9sent\u00e9s par la couleur des yeux, la couleur de la fourrure, etc.<\/p>\n<p>Mod\u00e8le unique<br \/>\n13 x 10 cm<\/p>\n<p>Envoi partout dans le monde. Il est aussi possible de le r\u00e9cup\u00e9rer sans frais d&#8217;envoi \u00e0 Villeurbanne. S\u00e9lectionner &#8220;point de vente&#8221; en m\u00e9thode d&#8217;exp\u00e9dition.<\/p>\n<p>\u2728<br \/>\n<em>peluche stuffed animal cute plush<\/em><\/p>\n","protected":false},"excerpt":{"rendered":"<p>Peluche toute douce rembourr\u00e9e en polaire orange. Elle a un ventre en coton, des joues en feutrine et une cr\u00eate verticale sur le verso en fausse fourrure rose. Les yeux sont des yeux de s\u00e9curit\u00e9 en plastique marron. Certains tissus utilis\u00e9s sont issus de r\u00e9cup\u00e9ration. Elle repr\u00e9sente un b\u00e9b\u00e9 bedon, petit personnage sympathique que j&#8217;ai &hellip; <\/p>\n<p class=\"link-more\"><a href=\"https:\/\/lafillerenne.fr\/blog\/produit\/peluche-bebe-bedon-337\/\" class=\"more-link\">Continuer la lecture<span class=\"screen-reader-text\"> de &laquo;&nbsp;Peluche b\u00e9b\u00e9 bedon #337&nbsp;&raquo;<\/span><\/a><\/p>\n","protected":false},"featured_media":8362,"template":"","meta":[],"product_cat":[78],"product_tag":[],"_links":{"self":[{"href":"https:\/\/lafillerenne.fr\/blog\/wp-json\/wp\/v2\/product\/8361"}],"collection":[{"href":"https:\/\/lafillerenne.fr\/blog\/wp-json\/wp\/v2\/product"}],"about":[{"href":"https:\/\/lafillerenne.fr\/blog\/wp-json\/wp\/v2\/types\/product"}],"wp:featuredmedia":[{"embeddable":true,"href":"https:\/\/lafillerenne.fr\/blog\/wp-json\/wp\/v2\/media\/8362"}],"wp:attachment":[{"href":"https:\/\/lafillerenne.fr\/blog\/wp-json\/wp\/v2\/media?parent=8361"}],"wp:term":[{"taxonomy":"product_cat","embeddable":true,"href":"https:\/\/lafillerenne.fr\/blog\/wp-json\/wp\/v2\/product_cat?post=8361"},{"taxonomy":"product_tag","embeddable":true,"href":"https:\/\/lafillerenne.fr\/blog\/wp-json\/wp\/v2\/product_tag?post=8361"}],"curies":[{"name":"wp","href":"https:\/\/api.w.org\/{rel}","templated":true}]}}