{"id":8458,"date":"2025-09-23T19:31:53","date_gmt":"2025-09-23T17:31:53","guid":{"rendered":"https:\/\/lafillerenne.fr\/blog\/?post_type=product&#038;p=8458"},"modified":"2025-09-23T19:33:48","modified_gmt":"2025-09-23T17:33:48","slug":"peluche-bedon-310","status":"publish","type":"product","link":"https:\/\/lafillerenne.fr\/blog\/produit\/peluche-bedon-310\/","title":{"rendered":"Peluche bedon #310"},"content":{"rendered":"<p>Peluche tout douce rembourr\u00e9e en fausse fourrure et coton.<br \/>\nLe recto est en coton vintage \u00e0 motif gris et le verso en fausse fourrure rose (avec des fibres argent\u00e9es). Elle a un ventre et des oreilles en coton et des joues en feutrine. Les yeux sont des yeux de s\u00e9curit\u00e9 en plastique orange.<br \/>\nCertains tissus utilis\u00e9s sont issus de r\u00e9cup\u00e9ration.<\/p>\n<p>Elle repr\u00e9sente un b\u00e9b\u00e9 bedon, petit personnage sympathique que j&#8217;ai cr\u00e9\u00e9 en 2005. Suivant les principes de la g\u00e9n\u00e9tique, les bedons ont des liens de parent\u00e9 les uns avec les autres, repr\u00e9sent\u00e9s par la couleur des yeux, la couleur de la fourrure, etc.<\/p>\n<p>Mod\u00e8le unique<br \/>\n26 x 19 cm<\/p>\n<p>Envoi partout dans le monde. Il est aussi possible de le r\u00e9cup\u00e9rer sans frais d&#8217;envoi \u00e0 Villeurbanne. S\u00e9lectionner &#8220;point de vente&#8221; en m\u00e9thode d&#8217;exp\u00e9dition.<\/p>\n<p>\u2728<br \/>\n<em>peluche stuffed animal cute plush<\/em><\/p>\n","protected":false},"excerpt":{"rendered":"<p>Peluche tout douce rembourr\u00e9e en fausse fourrure et coton. Le recto est en coton vintage \u00e0 motif gris et le verso en fausse fourrure rose (avec des fibres argent\u00e9es). Elle a un ventre et des oreilles en coton et des joues en feutrine. Les yeux sont des yeux de s\u00e9curit\u00e9 en plastique orange. Certains tissus &hellip; <\/p>\n<p class=\"link-more\"><a href=\"https:\/\/lafillerenne.fr\/blog\/produit\/peluche-bedon-310\/\" class=\"more-link\">Continuer la lecture<span class=\"screen-reader-text\"> de &laquo;&nbsp;Peluche bedon #310&nbsp;&raquo;<\/span><\/a><\/p>\n","protected":false},"featured_media":8459,"template":"","meta":[],"product_cat":[78],"product_tag":[],"_links":{"self":[{"href":"https:\/\/lafillerenne.fr\/blog\/wp-json\/wp\/v2\/product\/8458"}],"collection":[{"href":"https:\/\/lafillerenne.fr\/blog\/wp-json\/wp\/v2\/product"}],"about":[{"href":"https:\/\/lafillerenne.fr\/blog\/wp-json\/wp\/v2\/types\/product"}],"wp:featuredmedia":[{"embeddable":true,"href":"https:\/\/lafillerenne.fr\/blog\/wp-json\/wp\/v2\/media\/8459"}],"wp:attachment":[{"href":"https:\/\/lafillerenne.fr\/blog\/wp-json\/wp\/v2\/media?parent=8458"}],"wp:term":[{"taxonomy":"product_cat","embeddable":true,"href":"https:\/\/lafillerenne.fr\/blog\/wp-json\/wp\/v2\/product_cat?post=8458"},{"taxonomy":"product_tag","embeddable":true,"href":"https:\/\/lafillerenne.fr\/blog\/wp-json\/wp\/v2\/product_tag?post=8458"}],"curies":[{"name":"wp","href":"https:\/\/api.w.org\/{rel}","templated":true}]}}